{"id":718,"date":"2014-05-27T17:44:14","date_gmt":"2014-05-27T15:44:14","guid":{"rendered":"http:\/\/www.accomplir.asso.fr\/accomplir\/?page_id=718"},"modified":"2019-02-26T10:16:02","modified_gmt":"2019-02-26T08:16:02","slug":"la-lettre-anciens-numeros","status":"publish","type":"page","link":"http:\/\/www.accomplir.asso.fr\/accomplir\/?page_id=718","title":{"rendered":"La Lettre d'Accomplir (archives)"},"content":{"rendered":"<p>En janvier 2003, ACCOMPLIR a cr\u00e9\u00e9 une lettre gratuite destin\u00e9e \u00e0 diffuser largement des informations sur notre arrondissement et particuli\u00e8rement sur le quartier des Halles, en effervescence depuis le lancement, en d\u00e9cembre 2002, d'un grand projet de r\u00e9novation.<br \/>\nTous les num\u00e9ros sont consultables ci-dessous. Vous pouvez aussi <a href=\"http:\/\/accomplir.asso.fr\/admin\/creer_coord_abn.php\" target=\"_blank\" rel=\"noopener noreferrer\">vous abonner gratuitement \u00e0 la version \u00e9lectronique<\/a>.<\/p>\n<p><a href=\"#2019\">2019\u00a0<\/a><a href=\"#2018\">- 2018<\/a> - <a href=\"#2017\">2017<\/a> -\u00a0<a href=\"#2016\">2016<\/a> - <a href=\"#2015\">2015<\/a> - <a href=\"#2014\">2014<\/a> - <a href=\"#2013\">2013<\/a> - <a href=\"#2012\">2012<\/a> - <a href=\"#2011\">2011<\/a> - <a href=\"#2010\">2010<\/a> - <a href=\"#2009\">2009<\/a> - <a href=\"#2008\">2008<\/a> - <a href=\"#2007\">2007<\/a> - <a href=\"#2006\">2006<\/a> - <a href=\"#2005\">2005<\/a> - <a href=\"#2004\">2004<\/a> - <a href=\"#2003\">2003<\/a><\/p>\n<hr \/>\n<div id=\"2018\">2019 - <a href=\"#top\">Haut<\/a><\/div>\n<div>Mars :\u00a0<a href=\"http:\/\/www.accomplir.asso.fr\/accomplir\/wp-content\/uploads\/2019\/02\/Lettre-114-2.pdf\" target=\"_blank\" rel=\"noopener\">Lettre n\u00b0114<\/a><\/div>\n<hr \/>\n<div id=\"2018\">2018 - <a href=\"#top\">Haut<\/a><\/div>\n<div>Novembre :\u00a0<a href=\"http:\/\/www.accomplir.asso.fr\/accomplir\/wp-content\/uploads\/2018\/11\/Lettre-113.pdf\" target=\"_blank\" rel=\"noopener\">Lettre n\u00b0113<\/a><\/div>\n<div>Septembre :\u00a0<a href=\"http:\/\/www.accomplir.asso.fr\/accomplir\/wp-content\/uploads\/2018\/08\/Lettre-112.pdf\" target=\"_blank\" rel=\"noopener\">Lettre n\u00b0112<\/a><\/div>\n<div>Mai :\u00a0<a href=\"http:\/\/www.accomplir.asso.fr\/accomplir\/wp-content\/uploads\/2018\/05\/Lettre-111s.pdf\">Lettre n\u00b0111<\/a><\/div>\n<div>Avril : <a href=\"http:\/\/www.accomplir.asso.fr\/accomplir\/wp-content\/uploads\/2018\/04\/Lettre-110.pdf\">Lettre n\u00b0110<\/a><\/div>\n<div><\/div>\n<hr \/>\n<div id=\"2017\">2017 - <a href=\"#top\">Haut<\/a><\/div>\n<div>Novembre : <a href=\"http:\/\/www.accomplir.asso.fr\/accomplir\/wp-content\/uploads\/2014\/05\/Lettre-109site.pdf\">Lettre n\u00b0109<\/a><\/div>\n<div>Septembre : <a href=\"http:\/\/www.accomplir.asso.fr\/accomplir\/wp-content\/uploads\/2016\/03\/Lettre-108.pdf\">Lettre n\u00b0108<\/a><\/div>\n<div>Mai\u00a0: <a href=\"http:\/\/www.accomplir.asso.fr\/accomplir\/wp-content\/uploads\/2017\/05\/Lettre-107.pdf\" target=\"_blank\" rel=\"attachment wp-att-4355 noopener noreferrer\">Lettre n\u00b0107<\/a><\/div>\n<div>Avril : <a href=\"http:\/\/www.accomplir.asso.fr\/accomplir\/wp-content\/uploads\/2016\/03\/Lettre-106.pdf\" target=\"_blank\" rel=\"attachment wp-att-4355 noopener noreferrer\">Lettre n\u00b0106<\/a><\/div>\n<div>Mars\u00a0: <a href=\"http:\/\/www.accomplir.asso.fr\/accomplir\/wp-content\/uploads\/2016\/03\/Lettre-105.pdf\" target=\"_blank\" rel=\"attachment wp-att-4292 noopener noreferrer\">Lettre n\u00b0105<\/a><\/div>\n<div>\n<hr \/>\n<\/div>\n<div id=\"2016\">2016 - <a href=\"#top\">Haut<\/a><\/div>\n<p>Octobre : <a href=\"http:\/\/www.accomplir.asso.fr\/accomplir\/wp-content\/uploads\/2016\/11\/Lettre-104-site.pdf\" target=\"_blank\" rel=\"noopener noreferrer\">Lettre n\u00b0104<\/a><br \/>\nSeptembre : <a href=\"http:\/\/www.accomplir.asso.fr\/accomplir\/wp-content\/uploads\/2016\/05\/Lettre_103.pdf\" target=\"_blank\" rel=\"noopener noreferrer\">Lettre n\u00b0103<\/a><br \/>\nMai : <a href=\"http:\/\/www.accomplir.asso.fr\/accomplir\/wp-content\/uploads\/2016\/05\/lettre_102.pdf\" target=\"_blank\" rel=\"noopener noreferrer\">Lettre n\u00b0102<\/a><br \/>\nAvril : <a href=\"http:\/\/www.accomplir.asso.fr\/accomplir\/wp-content\/uploads\/2016\/04\/lettre_101.pdf\" target=\"_blank\" rel=\"noopener noreferrer\">Lettre n\u00b0101<\/a><\/p>\n<hr \/>\n<div id=\"2015\">2015 - <a href=\"#top\">Haut<\/a><\/div>\n<p>Novembre : <a href=\"http:\/\/www.accomplir.asso.fr\/accomplir\/wp-content\/uploads\/2015\/11\/lettre_100.pdf\" target=\"_blank\" rel=\"noopener noreferrer\">Lettre n\u00b0100<\/a><br \/>\nSeptembre : <a href=\"http:\/\/www.accomplir.asso.fr\/accomplir\/wp-content\/uploads\/2015\/09\/lettre_99.pdf\" target=\"_blank\" rel=\"noopener noreferrer\">Lettre n\u00b099<\/a><br \/>\nJuin : <a href=\"http:\/\/www.accomplir.asso.fr\/accomplir\/wp-content\/uploads\/2015\/06\/lettre_98.pdf\" target=\"_blank\" rel=\"noopener noreferrer\">Lettre n\u00b098<\/a><br \/>\nMai : <a href=\"http:\/\/www.accomplir.asso.fr\/accomplir\/wp-content\/uploads\/2014\/04\/lettre_97.pdf\" target=\"_blank\" rel=\"noopener noreferrer\">Lettre n\u00b097<\/a><br \/>\nMars : <a href=\"http:\/\/www.accomplir.asso.fr\/accomplir\/wp-content\/uploads\/2014\/05\/lettre_96.pdf\" target=\"_blank\" rel=\"noopener noreferrer\">Lettre n\u00b096<\/a><br \/>\nJanvier : <a href=\"http:\/\/www.accomplir.asso.fr\/accomplir\/wp-content\/uploads\/2014\/05\/lettre_95.pdf\" target=\"_blank\" rel=\"noopener noreferrer\">Lettre n\u00b095<\/a><\/p>\n<hr \/>\n<div id=\"2014\">2014 - <a href=\"#top\">Haut<\/a><\/div>\n<p>Novembre : <a href=\"http:\/\/www.accomplir.asso.fr\/accomplir\/wp-content\/uploads\/2014\/09\/lettre_94.pdf\" target=\"_blank\" rel=\"noopener noreferrer\">Lettre n\u00b094<\/a><br \/>\nSeptembre : <a href=\"http:\/\/www.accomplir.asso.fr\/accomplir\/wp-content\/uploads\/2014\/09\/Lettre-93_web.pdf\" target=\"_blank\" rel=\"noopener noreferrer\">Lettre n\u00b093<\/a><br \/>\nJuin : <a href=\"http:\/\/www.accomplir.asso.fr\/accomplir\/wp-content\/uploads\/2014\/05\/lettre_92.pdf\" target=\"_blank\" rel=\"noopener noreferrer\">Lettre n\u00b092<\/a><br \/>\nMai : <a href=\"http:\/\/www.accomplir.asso.fr\/actualite\/numerolettre\/Lettre_91.pdf\" target=\"_blank\" rel=\"noopener noreferrer\">Lettre n\u00b091<\/a><\/p>\n<hr \/>\n<div id=\"2013\">2013 - <a href=\"#top\">Haut<\/a><\/div>\n<p>Novembre : <a href=\"http:\/\/www.accomplir.asso.fr\/actualite\/numerolettre\/Lettre_90.pdf\" target=\"_blank\" rel=\"noopener noreferrer\">Lettre n\u00b090<\/a><br \/>\nSeptembre : <a href=\"http:\/\/www.accomplir.asso.fr\/actualite\/numerolettre\/Lettre_89.pdf\" target=\"_blank\" rel=\"noopener noreferrer\">Lettre n\u00b089<\/a><br \/>\nMai : <a href=\"http:\/\/www.accomplir.asso.fr\/actualite\/numerolettre\/Lettre_88.pdf\" target=\"_blank\" rel=\"noopener noreferrer\">Lettre n\u00b088<\/a><br \/>\nAvril : <a href=\"http:\/\/www.accomplir.asso.fr\/actualite\/numerolettre\/Lettre_87.pdf\" target=\"_blank\" rel=\"noopener noreferrer\">Lettre n\u00b087<\/a><br \/>\nF\u00e9vrier : <a href=\"http:\/\/www.accomplir.asso.fr\/actualite\/numerolettre\/Lettre_86.pdf\" target=\"_blank\" rel=\"noopener noreferrer\">Lettre n\u00b086<\/a><\/p>\n<hr \/>\n<div id=\"2012\">2012 - <a href=\"#top\">Haut<\/a><\/div>\n<p>D\u00e9cembre : <a href=\"http:\/\/www.accomplir.asso.fr\/actualite\/numerolettre\/Lettre_85.pdf\" target=\"_blank\" rel=\"noopener noreferrer\">Lettre n\u00b085<\/a><br \/>\nOctobre : <a href=\"http:\/\/www.accomplir.asso.fr\/actualite\/numerolettre\/Lettre_84.pdf\" target=\"_blank\" rel=\"noopener noreferrer\">Lettre n\u00b084<\/a><br \/>\nSeptembre : <a href=\"http:\/\/www.accomplir.asso.fr\/actualite\/numerolettre\/Lettre_83.pdf\" target=\"_blank\" rel=\"noopener noreferrer\">Lettre n\u00b083<\/a><br \/>\nJuin : <a href=\"http:\/\/www.accomplir.asso.fr\/actualite\/numerolettre\/Lettre_82.pdf\" target=\"_blank\" rel=\"noopener noreferrer\">Lettre n\u00b082<\/a><br \/>\nMai : <a href=\"http:\/\/www.accomplir.asso.fr\/actualite\/numerolettre\/Lettre_81.pdf\" target=\"_blank\" rel=\"noopener noreferrer\">Lettre n\u00b081<\/a><br \/>\nMars : <a href=\"http:\/\/www.accomplir.asso.fr\/actualite\/numerolettre\/Lettre_80.pdf\" target=\"_blank\" rel=\"noopener noreferrer\">Lettre n\u00b080<\/a><br \/>\nJanvier : <a href=\"http:\/\/www.accomplir.asso.fr\/actualite\/numerolettre\/Lettre_79.pdf\" target=\"_blank\" rel=\"noopener noreferrer\">Lettre n\u00b079<\/a><\/p>\n<hr \/>\n<div id=\"2011\">2011 - <a href=\"#top\">Haut<\/a><\/div>\n<p>D\u00e9cembre : <a href=\"http:\/\/www.accomplir.asso.fr\/actualite\/numerolettre\/Lettre_78.pdf\" target=\"_blank\" rel=\"noopener noreferrer\">Lettre n\u00b078<\/a><br \/>\nOctobre : <a href=\"http:\/\/www.accomplir.asso.fr\/actualite\/numerolettre\/Lettre_77.pdf\" target=\"_blank\" rel=\"noopener noreferrer\">Lettre n\u00b077<\/a><br \/>\nSeptembre : <a href=\"http:\/\/www.accomplir.asso.fr\/actualite\/numerolettre\/Lettre_76.pdf\" target=\"_blank\" rel=\"noopener noreferrer\">Lettre n\u00b076<\/a><br \/>\nJuin : <a href=\"http:\/\/www.accomplir.asso.fr\/actualite\/numerolettre\/Lettre_75.pdf\" target=\"_blank\" rel=\"noopener noreferrer\">Lettre n\u00b075<\/a><br \/>\nMai : <a href=\"http:\/\/www.accomplir.asso.fr\/actualite\/numerolettre\/Lettre_74.pdf\" target=\"_blank\" rel=\"noopener noreferrer\">Lettre n\u00b074<\/a><br \/>\nMars : <a href=\"http:\/\/www.accomplir.asso.fr\/actualite\/numerolettre\/Lettre_73.pdf\" target=\"_blank\" rel=\"noopener noreferrer\">Lettre n\u00b073<\/a><br \/>\nJanvier : <a href=\"http:\/\/www.accomplir.asso.fr\/actualite\/numerolettre\/Lettre_72.pdf\" target=\"_blank\" rel=\"noopener noreferrer\">Lettre n\u00b072<\/a><\/p>\n<hr \/>\n<div id=\"2010\">2010 - <a href=\"#top\">Haut<\/a><\/div>\n<p>Novembre : <a href=\"http:\/\/www.accomplir.asso.fr\/actualite\/numerolettre\/Lettre_71.pdf\" target=\"_blank\" rel=\"noopener noreferrer\">Lettre n\u00b071<\/a><br \/>\nOctobre : <a href=\"http:\/\/www.accomplir.asso.fr\/actualite\/numerolettre\/Lettre_70.pdf\" target=\"_blank\" rel=\"noopener noreferrer\">Lettre n\u00b070<\/a><br \/>\nSeptembre : <a href=\"http:\/\/www.accomplir.asso.fr\/actualite\/numerolettre\/Lettre_69.pdf\" target=\"_blank\" rel=\"noopener noreferrer\">Lettre n\u00b069<\/a><br \/>\nJuin : <a href=\"http:\/\/www.accomplir.asso.fr\/actualite\/numerolettre\/Lettre_68.pdf\" target=\"_blank\" rel=\"noopener noreferrer\">Lettre n\u00b068<\/a><br \/>\nMai : <a href=\"http:\/\/www.accomplir.asso.fr\/actualite\/numerolettre\/Lettre_67.pdf\" target=\"_blank\" rel=\"noopener noreferrer\">Lettre n\u00b067<\/a><br \/>\nAvril : <a href=\"http:\/\/www.accomplir.asso.fr\/actualite\/numerolettre\/Lettre_66.pdf\" target=\"_blank\" rel=\"noopener noreferrer\">Lettre n\u00b066<\/a><br \/>\nMars : <a href=\"http:\/\/www.accomplir.asso.fr\/actualite\/numerolettre\/Lettre_65.pdf\" target=\"_blank\" rel=\"noopener noreferrer\">Lettre n\u00b065<\/a><br \/>\nF\u00e9vrier : <a href=\"http:\/\/www.accomplir.asso.fr\/actualite\/numerolettre\/Lettre_64.pdf\" target=\"_blank\" rel=\"noopener noreferrer\">Lettre n\u00b064<\/a><br \/>\nJanvier : <a href=\"http:\/\/www.accomplir.asso.fr\/actualite\/numerolettre\/Lettre_63.pdf\" target=\"_blank\" rel=\"noopener noreferrer\">Lettre n\u00b063<\/a><\/p>\n<hr \/>\n<div id=\"2009\">2009 - <a href=\"#top\">Haut<\/a><\/div>\n<p>D\u00e9cembre : <a href=\"http:\/\/www.accomplir.asso.fr\/actualite\/numerolettre\/Lettre_62.pdf\" target=\"_blank\" rel=\"noopener noreferrer\">Lettre n\u00b062<\/a><br \/>\nNovembre : <a href=\"http:\/\/www.accomplir.asso.fr\/actualite\/numerolettre\/Lettre_61.pdf\" target=\"_blank\" rel=\"noopener noreferrer\">Lettre n\u00b061<\/a><br \/>\nOctobre : <a href=\"http:\/\/www.accomplir.asso.fr\/actualite\/numerolettre\/Lettre_60.pdf\" target=\"_blank\" rel=\"noopener noreferrer\">Lettre n\u00b060<\/a><br \/>\nSeptembre : <a href=\"http:\/\/www.accomplir.asso.fr\/actualite\/numerolettre\/Lettre_59.pdf\" target=\"_blank\" rel=\"noopener noreferrer\">Lettre n\u00b059<\/a><br \/>\nJuin : <a href=\"http:\/\/www.accomplir.asso.fr\/actualite\/numerolettre\/Lettre_58.pdf\" target=\"_blank\" rel=\"noopener noreferrer\">Lettre n\u00b058<\/a><br \/>\nMai : <a href=\"http:\/\/www.accomplir.asso.fr\/actualite\/numerolettre\/Lettre_57.pdf\" target=\"_blank\" rel=\"noopener noreferrer\">Lettre n\u00b057<\/a><br \/>\nAvril : <a href=\"http:\/\/www.accomplir.asso.fr\/actualite\/numerolettre\/Lettre_56.pdf\" target=\"_blank\" rel=\"noopener noreferrer\">Lettre n\u00b056<\/a><br \/>\nMars : <a href=\"http:\/\/www.accomplir.asso.fr\/actualite\/numerolettre\/Lettre_55.pdf\" target=\"_blank\" rel=\"noopener noreferrer\">Lettre n\u00b055<\/a><br \/>\nF\u00e9vrier : <a href=\"http:\/\/www.accomplir.asso.fr\/actualite\/numerolettre\/Lettre_54.pdf\" target=\"_blank\" rel=\"noopener noreferrer\">Lettre n\u00b054<\/a><br \/>\nJanvier : <a href=\"http:\/\/www.accomplir.asso.fr\/actualite\/numerolettre\/Lettre_53.pdf\" target=\"_blank\" rel=\"noopener noreferrer\">Lettre n\u00b053<\/a><\/p>\n<hr \/>\n<div id=\"2008\">2008 - <a href=\"#top\">Haut<\/a><\/div>\n<p>D\u00e9cembre : <a href=\"http:\/\/www.accomplir.asso.fr\/actualite\/numerolettre\/Lettre_52.pdf\" target=\"_blank\" rel=\"noopener noreferrer\">Lettre n\u00b052<\/a><br \/>\nNovembre : <a href=\"http:\/\/www.accomplir.asso.fr\/actualite\/numerolettre\/Lettre_51.pdf\" target=\"_blank\" rel=\"noopener noreferrer\">Lettre n\u00b051<\/a><br \/>\nOctobre : <a href=\"http:\/\/www.accomplir.asso.fr\/actualite\/numerolettre\/Lettre_50.pdf\" target=\"_blank\" rel=\"noopener noreferrer\">Lettre n\u00b050<\/a><br \/>\nSeptembre : <a href=\"http:\/\/www.accomplir.asso.fr\/actualite\/numerolettre\/Lettre_49.pdf\" target=\"_blank\" rel=\"noopener noreferrer\">Lettre n\u00b049<\/a><br \/>\nJuillet : <a href=\"http:\/\/www.accomplir.asso.fr\/actualite\/numerolettre\/Lettre_48.pdf\" target=\"_blank\" rel=\"noopener noreferrer\">Lettre n\u00b048<\/a><br \/>\nJuin : <a href=\"http:\/\/www.accomplir.asso.fr\/actualite\/numerolettre\/Lettre_47.pdf\" target=\"_blank\" rel=\"noopener noreferrer\">Lettre n\u00b047<\/a><br \/>\nMai : <a href=\"http:\/\/www.accomplir.asso.fr\/actualite\/numerolettre\/Lettre_46.pdf\" target=\"_blank\" rel=\"noopener noreferrer\">Lettre n\u00b046<\/a><br \/>\nAvril : <a href=\"http:\/\/www.accomplir.asso.fr\/actualite\/numerolettre\/Lettre_45.pdf\" target=\"_blank\" rel=\"noopener noreferrer\">Lettre n\u00b045<\/a><br \/>\nMars : <a href=\"http:\/\/www.accomplir.asso.fr\/actualite\/numerolettre\/Lettre_44.pdf\" target=\"_blank\" rel=\"noopener noreferrer\">Lettre n\u00b044<\/a><br \/>\nF\u00e9vrier : <a href=\"http:\/\/www.accomplir.asso.fr\/actualite\/numerolettre\/Lettre_43.pdf\" target=\"_blank\" rel=\"noopener noreferrer\">Lettre n\u00b043<\/a><br \/>\nJanvier : <a href=\"http:\/\/www.accomplir.asso.fr\/actualite\/numerolettre\/Lettre_42.pdf\" target=\"_blank\" rel=\"noopener noreferrer\">Lettre n\u00b042<\/a><\/p>\n<hr \/>\n<div id=\"2007\">2007 - <a href=\"#top\">Haut<\/a><\/div>\n<p>D\u00e9cembre : <a href=\"http:\/\/www.accomplir.asso.fr\/actualite\/numerolettre\/Lettre_41.pdf\" target=\"_blank\" rel=\"noopener noreferrer\">Lettre n\u00b041<\/a><br \/>\nNovembre : <a href=\"http:\/\/www.accomplir.asso.fr\/actualite\/numerolettre\/Lettre_40.pdf\" target=\"_blank\" rel=\"noopener noreferrer\">Lettre n\u00b040<\/a><br \/>\nOctobre : <a href=\"http:\/\/www.accomplir.asso.fr\/actualite\/numerolettre\/Lettre_39.pdf\" target=\"_blank\" rel=\"noopener noreferrer\">Lettre n\u00b039<\/a><br \/>\nSeptembre : <a href=\"http:\/\/www.accomplir.asso.fr\/actualite\/numerolettre\/Lettre_38.pdf\" target=\"_blank\" rel=\"noopener noreferrer\">Lettre n\u00b038<\/a><br \/>\nAo\u00fbt : <a href=\"http:\/\/www.accomplir.asso.fr\/actualite\/numerolettre\/Lettre_37.pdf\" target=\"_blank\" rel=\"noopener noreferrer\">Lettre n\u00b037<\/a><br \/>\nJuillet : <a href=\"http:\/\/www.accomplir.asso.fr\/actualite\/numerolettre\/Lettre_36.pdf\" target=\"_blank\" rel=\"noopener noreferrer\">Lettre n\u00b036<\/a><br \/>\nJuin : <a href=\"http:\/\/www.accomplir.asso.fr\/actualite\/numerolettre\/Lettre_35.pdf\" target=\"_blank\" rel=\"noopener noreferrer\">Lettre n\u00b035<\/a><br \/>\nMai : <a href=\"http:\/\/www.accomplir.asso.fr\/actualite\/numerolettre\/Lettre_34.pdf\" target=\"_blank\" rel=\"noopener noreferrer\">Lettre n\u00b034<\/a><br \/>\nMars : <a href=\"http:\/\/www.accomplir.asso.fr\/actualite\/numerolettre\/Lettre_33.pdf\" target=\"_blank\" rel=\"noopener noreferrer\">Lettre n\u00b033<\/a><br \/>\nJanvier : <a href=\"http:\/\/www.accomplir.asso.fr\/actualite\/numerolettre\/Lettre_32.pdf\" target=\"_blank\" rel=\"noopener noreferrer\">Lettre n\u00b032<\/a><\/p>\n<hr \/>\n<div id=\"2006\">2006 - <a href=\"#top\">Haut<\/a><\/div>\n<p>D\u00e9cembre : <a href=\"http:\/\/www.accomplir.asso.fr\/actualite\/numerolettre\/Lettre_31.pdf\" target=\"_blank\" rel=\"noopener noreferrer\">Lettre n\u00b031<\/a><br \/>\nNovembre : <a href=\"http:\/\/www.accomplir.asso.fr\/actualite\/numerolettre\/Lettre_30.pdf\" target=\"_blank\" rel=\"noopener noreferrer\">Lettre n\u00b030<\/a><br \/>\nOctobre : <a href=\"http:\/\/www.accomplir.asso.fr\/actualite\/numerolettre\/Lettre_29.pdf\" target=\"_blank\" rel=\"noopener noreferrer\">Lettre n\u00b029<\/a><br \/>\nSeptembre : <a href=\"http:\/\/www.accomplir.asso.fr\/actualite\/numerolettre\/Lettre_28.pdf\" target=\"_blank\" rel=\"noopener noreferrer\">Lettre n\u00b028<\/a><br \/>\nJuin : <a href=\"http:\/\/www.accomplir.asso.fr\/actualite\/numerolettre\/Lettre_27.pdf\" target=\"_blank\" rel=\"noopener noreferrer\">Lettre n\u00b027<\/a><br \/>\nMai : <a href=\"http:\/\/www.accomplir.asso.fr\/actualite\/numerolettre\/Lettre_26.pdf\" target=\"_blank\" rel=\"noopener noreferrer\">Lettre n\u00b026<\/a><br \/>\nAvril : <a href=\"http:\/\/www.accomplir.asso.fr\/actualite\/numerolettre\/Lettre_25.pdf\" target=\"_blank\" rel=\"noopener noreferrer\">Lettre n\u00b025<\/a><br \/>\nMars : <a href=\"http:\/\/www.accomplir.asso.fr\/actualite\/numerolettre\/Lettre_24.pdf\" target=\"_blank\" rel=\"noopener noreferrer\">Lettre n\u00b024<\/a><br \/>\nJanvier : <a href=\"http:\/\/www.accomplir.asso.fr\/actualite\/numerolettre\/Lettre_23.pdf\" target=\"_blank\" rel=\"noopener noreferrer\">Lettre n\u00b023<\/a><\/p>\n<hr \/>\n<div id=\"2005\">2005 - <a href=\"#top\">Haut<\/a><\/div>\n<p>Novembre : <a href=\"http:\/\/www.accomplir.asso.fr\/actualite\/numerolettre\/Lettre_22.pdf\" target=\"_blank\" rel=\"noopener noreferrer\">Lettre n\u00b022<\/a><br \/>\nOctobre : <a href=\"http:\/\/www.accomplir.asso.fr\/actualite\/numerolettre\/Lettre_21.pdf\" target=\"_blank\" rel=\"noopener noreferrer\">Lettre n\u00b021<\/a><br \/>\nSeptembre : <a href=\"http:\/\/www.accomplir.asso.fr\/actualite\/numerolettre\/Lettre_20.pdf\" target=\"_blank\" rel=\"noopener noreferrer\">Lettre n\u00b020<\/a><br \/>\nJuin : <a href=\"http:\/\/www.accomplir.asso.fr\/actualite\/numerolettre\/Lettre_19.pdf\" target=\"_blank\" rel=\"noopener noreferrer\">Lettre n\u00b019<\/a><br \/>\nMai 2005 : <a href=\"http:\/\/www.accomplir.asso.fr\/actualite\/numerolettre\/Lettre_18.pdf\" target=\"_blank\" rel=\"noopener noreferrer\">Lettre n\u00b018<\/a><br \/>\nAvril : <a href=\"http:\/\/www.accomplir.asso.fr\/actualite\/numerolettre\/Lettre_17.pdf\" target=\"_blank\" rel=\"noopener noreferrer\">Lettre n\u00b017<\/a><br \/>\nMars : <a href=\"http:\/\/www.accomplir.asso.fr\/actualite\/numerolettre\/Lettre_16.pdf\" target=\"_blank\" rel=\"noopener noreferrer\">Lettre n\u00b016<\/a><br \/>\nJanvier : <a href=\"http:\/\/www.accomplir.asso.fr\/actualite\/numerolettre\/Lettre_15.pdf\" target=\"_blank\" rel=\"noopener noreferrer\">Lettre n\u00b015<\/a><\/p>\n<hr \/>\n<div id=\"2004\">2004 - <a href=\"#top\">Haut<\/a><\/div>\n<p>D\u00e9cembre : <a href=\"http:\/\/www.accomplir.asso.fr\/actualite\/numerolettre\/Lettre_14.pdf\" target=\"_blank\" rel=\"noopener noreferrer\">Lettre n\u00b014<\/a><br \/>\nOctobre : <a href=\"http:\/\/www.accomplir.asso.fr\/actualite\/numerolettre\/Lettre_13.pdf\" target=\"_blank\" rel=\"noopener noreferrer\">Lettre n\u00b013<\/a><br \/>\nSeptembre : <a href=\"http:\/\/www.accomplir.asso.fr\/actualite\/numerolettre\/Lettre_12.pdf\" target=\"_blank\" rel=\"noopener noreferrer\">Lettre n\u00b012<\/a><br \/>\nJuin : <a href=\"http:\/\/www.accomplir.asso.fr\/actualite\/numerolettre\/Lettre_11.pdf\" target=\"_blank\" rel=\"noopener noreferrer\">Lettre n\u00b011<\/a><br \/>\nMai : <a href=\"http:\/\/www.accomplir.asso.fr\/actualite\/numerolettre\/Lettre_10.pdf\" target=\"_blank\" rel=\"noopener noreferrer\">Lettre n\u00b010<\/a><br \/>\nMars : <a href=\"http:\/\/www.accomplir.asso.fr\/actualite\/numerolettre\/Lettre_09.pdf\" target=\"_blank\" rel=\"noopener noreferrer\">Lettre n\u00b09<\/a><br \/>\nJanvier : <a href=\"http:\/\/www.accomplir.asso.fr\/actualite\/numerolettre\/Lettre_08.pdf\" target=\"_blank\" rel=\"noopener noreferrer\">Lettre n\u00b08<\/a><\/p>\n<hr \/>\n<div id=\"2003\">2003 - <a href=\"#top\">Haut<\/a><\/div>\n<p>Novembre : <a href=\"http:\/\/www.accomplir.asso.fr\/actualite\/numerolettre\/Lettre_07.pdf\" target=\"_blank\" rel=\"noopener noreferrer\">Lettre n\u00b07<\/a><br \/>\nOctobre : <a href=\"http:\/\/www.accomplir.asso.fr\/actualite\/numerolettre\/Lettre_06.pdf\" target=\"_blank\" rel=\"noopener noreferrer\">Lettre n\u00b06<\/a><br \/>\nSeptembre : <a href=\"http:\/\/www.accomplir.asso.fr\/actualite\/numerolettre\/Lettre_05.pdf\" target=\"_blank\" rel=\"noopener noreferrer\">Lettre n\u00b05<\/a><br \/>\nMai : <a href=\"http:\/\/www.accomplir.asso.fr\/actualite\/numerolettre\/Lettre_04.pdf\" target=\"_blank\" rel=\"noopener noreferrer\">Lettre n\u00b04<\/a><br \/>\nAvril : <a href=\"http:\/\/www.accomplir.asso.fr\/actualite\/numerolettre\/Lettre_03.htm\" target=\"_blank\" rel=\"noopener noreferrer\">Lettre n\u00b03<\/a><br \/>\nF\u00e9vrier-mars : <a href=\"http:\/\/www.accomplir.asso.fr\/actualite\/numerolettre\/Lettre_02.htm\" target=\"_blank\" rel=\"noopener noreferrer\">Lettre n\u00b02<\/a><br \/>\nJanvier : <a href=\"http:\/\/www.accomplir.asso.fr\/actualite\/numerolettre\/Lettre_01.htm\" target=\"_blank\" rel=\"noopener noreferrer\">Lettre n\u00b01<\/a><\/p>\n","protected":false},"excerpt":{"rendered":"<p>En janvier 2003, ACCOMPLIR a cr\u00e9\u00e9 une lettre gratuite destin\u00e9e \u00e0 diffuser largement des informations sur notre arrondissement et particuli\u00e8rement sur le quartier des Halles, en effervescence depuis le lancement, en d\u00e9cembre 2002, d'un grand projet de r\u00e9novation. Tous les num\u00e9ros sont consultables ci-dessous. Vous pouvez aussi vous abonner gratuitement \u00e0 la version \u00e9lectronique. 2019\u00a0- &hellip; <a href=\"http:\/\/www.accomplir.asso.fr\/accomplir\/?page_id=718\" class=\"more-link\">Continuer la lecture de <span class=\"screen-reader-text\">La Lettre d'Accomplir (archives)<\/span>  <span class=\"meta-nav\">&rarr;<\/span><\/a><\/p>\n","protected":false},"author":4,"featured_media":0,"parent":157,"menu_order":0,"comment_status":"closed","ping_status":"closed","template":"","meta":[],"_links":{"self":[{"href":"http:\/\/www.accomplir.asso.fr\/accomplir\/index.php?rest_route=\/wp\/v2\/pages\/718"}],"collection":[{"href":"http:\/\/www.accomplir.asso.fr\/accomplir\/index.php?rest_route=\/wp\/v2\/pages"}],"about":[{"href":"http:\/\/www.accomplir.asso.fr\/accomplir\/index.php?rest_route=\/wp\/v2\/types\/page"}],"author":[{"embeddable":true,"href":"http:\/\/www.accomplir.asso.fr\/accomplir\/index.php?rest_route=\/wp\/v2\/users\/4"}],"replies":[{"embeddable":true,"href":"http:\/\/www.accomplir.asso.fr\/accomplir\/index.php?rest_route=%2Fwp%2Fv2%2Fcomments&post=718"}],"version-history":[{"count":58,"href":"http:\/\/www.accomplir.asso.fr\/accomplir\/index.php?rest_route=\/wp\/v2\/pages\/718\/revisions"}],"predecessor-version":[{"id":5030,"href":"http:\/\/www.accomplir.asso.fr\/accomplir\/index.php?rest_route=\/wp\/v2\/pages\/718\/revisions\/5030"}],"up":[{"embeddable":true,"href":"http:\/\/www.accomplir.asso.fr\/accomplir\/index.php?rest_route=\/wp\/v2\/pages\/157"}],"wp:attachment":[{"href":"http:\/\/www.accomplir.asso.fr\/accomplir\/index.php?rest_route=%2Fwp%2Fv2%2Fmedia&parent=718"}],"curies":[{"name":"wp","href":"https:\/\/api.w.org\/{rel}","templated":true}]}}