{"id":315,"date":"2014-05-10T18:38:46","date_gmt":"2014-05-10T16:38:46","guid":{"rendered":"http:\/\/www.accomplir.asso.fr\/accomplir\/?page_id=315"},"modified":"2015-05-02T23:24:12","modified_gmt":"2015-05-02T21:24:12","slug":"quartier-tranquille-saint-honore-archives","status":"publish","type":"page","link":"http:\/\/www.accomplir.asso.fr\/accomplir\/?page_id=315","title":{"rendered":"Quartier Saint-Honor\u00e9"},"content":{"rendered":"<h2>Nos archives<\/h2>\n<ul>\n<li><a href=\"http:\/\/www.accomplir.asso.fr\/dossiers\/20110903\/20 Bailleul.pdf\" target=\"blank\">La rue Bailleul \u00e0 nouveau sinistr\u00e9e<\/a> (septembre 2011)<\/li>\n<li><a href=\"http:\/\/www.accomplir.asso.fr\/dossiers\/20111017\/15 legaret_bailleul_11-10-04.pdf\" target=\"blank\">Courrier adress\u00e9 au Maire du 1er par Accomplir<\/a> pour lui demander de r\u00e9activer le comit\u00e9 de suivi de la rue Bailleul (05\/10\/11).<\/li>\n<li><a href=\"http:\/\/www.accomplir.asso.fr\/dossiers\/20100327\/29 2eme terrasse demolie.pdf\" target=\"blank\">Un nouveau cas \u00ab Enio \u00bb \u00e9vit\u00e9<\/a> ! (mars 2010)<\/li>\n<li>Sur le dossier de la rue Bailleul, M. Legaret (Maire du 1er) semble gagner du terrain et Mme Lepetit (adjointe au Maire de Paris charg\u00e9e des d\u00e9placements) reculer : son cabinet nous a expliqu\u00e9 qu\u2019en fin de compte, un panneau limitant la circulation aux riverains et aux livraisons serait aussi efficace que l\u2019inversion du sens de la rue ! (27\/04\/09) Le Conseil de quartier des Halles ne l\u2019a pas entendu de cette oreille et a adopt\u00e9 le 28 avril le v\u0153u suivant : \u00ab <em>Le Conseil de quartier des Halles, tr\u00e8s sensible \u00e0 la dangerosit\u00e9 de la rue Bailleul, relaie le souhait, exprim\u00e9 par les habitants de la rue depuis trois ans, de voir enfin prendre une mesure efficace pour r\u00e9duire cette dangerosit\u00e9. Entre les deux mesures envisag\u00e9es (inversion du sens de la circulation, ou interdiction de circulation sauf riverains et livraisons), la plus efficace semble \u00e0 l'\u00e9vidence \u00eatre l\u2019inversion de la rue, et c'est donc cette mesure que le conseil de quartier souhaite voir appliquer<\/em> \u00bb (28\/04\/09). La d\u00e9cision sera prise le 25 mai.<\/li>\n<li>Alors qu\u2019une solution avait \u00e9t\u00e9 trouv\u00e9e avec les services de la Ville \u00e0 la dangerosit\u00e9 de la rue Bailleul l\u2019inversion du sens de la rue) et que cette solution apparaissait comme le seul dispositif efficace, <a href=\"http:\/\/www.accomplir.asso.fr\/dossiers\/20090223\/13 Bailleul.pdf\" target=\"blank\">le Maire du 1er Jean-Fran\u00e7ois Legaret, \u00e0 l\u2019issue d\u2019une r\u00e9union au cours de laquelle seulement 2 commer\u00e7ants s\u2019\u00e9taient oppos\u00e9s \u00e0 cette inversion, a inexplicablement donn\u00e9 un coup d\u2019arr\u00eat \u00e0 sa mise en \u0153uvre et propos\u00e9 \u00e0 la place un simple panneau \u00ab <em>Interdit sauf riverains et livraisons<\/em> \u00bb<\/a>. Faudra-t-il qu\u2019il se produise un accident grave pour que le Maire du 1er se d\u00e9cide enfin \u00e0 prendre ses responsabilit\u00e9s ? Puisque les services de la Ville ont estim\u00e9, comme nous, que l\u2019inversion du sens de la rue \u00e9tait la seule solution efficace, nous demandons que cette mesure soit prise dans les plus brefs d\u00e9lais, avec une \u00e9valuation de son efficacit\u00e9 et de ses \u00e9ventuels inconv\u00e9nients (dont nous doutons) dans six mois ou un an.<\/li>\n<li>Une soixantaine de personnes ont particip\u00e9 au <a href=\"http:\/\/www.accomplir.asso.fr\/association\/photos\/bailleul_sitin_211008\/index.php\" target=\"blank\">sit-in de la rue Bailleul<\/a> (21\/10\/08). Pendant une heure, la rue bloqu\u00e9e au niveau du garage a \u00e9t\u00e9 vraiment sans danger et les enfants ravis ont pu y jouer tranquillement avec leurs trottinettes. Le Maire du 1er, Jean-Fran\u00e7ois Legaret, est venu sur place et a promis d'organiser avant No\u00ebl une nouvelle r\u00e9union de travail sur les am\u00e9nagements \u00e0 r\u00e9aliser. Il s'est engag\u00e9 \u00e0 contribuer sur le budget de la mairie d'arrondissement si n\u00e9cessaire pour effectuer les premiers travaux.<\/li>\n<li><a href=\"http:\/\/www.accomplir.asso.fr\/dossiers\/20080210\/09%20Bailleul.pdf\" target=\"blank\">Rue Bailleul : le Maire du 1er a organis\u00e9 une premi\u00e8re r\u00e9union<\/a> (04\/02\/08), \u00e0 laquelle une trentaine de riverains ont particip\u00e9. Chacun a pu exprimer les probl\u00e8mes qu\u2019il rencontrait et sugg\u00e9rer des solutions. Certaines ont \u00e9t\u00e9 imm\u00e9diatement \u00e9cart\u00e9es car elles paraissaient peu praticables, mais d\u2019autres ont paru int\u00e9ressantes, et le maire a charg\u00e9 M. Casabianca, de la Direction de la voirie, d\u2019\u00e9tudier d\u2019ici deux mois diff\u00e9rents sc\u00e9narios de r\u00e9am\u00e9nagement de cette rue pour tenter de r\u00e9soudre ou du moins de r\u00e9duire les difficult\u00e9s.<\/li>\n<li><a href=\"http:\/\/www.accomplir.asso.fr\/dossiers\/20080125\/18%20Bailleul.pdf\" target=\"blank\">La rue Bailleul, qui est tr\u00e8s \u00e9troite et sert d\u2019 \u00ab itin\u00e9raire malin \u00bb, est trop dangereuse<\/a>. Malgr\u00e9 les demandes des habitants depuis trois ans et une r\u00e9cente p\u00e9tition de 400 personnes, le Maire du 1er ne fait rien et n\u2019organise m\u00eame pas de r\u00e9union. Faudra-t-il un accident grave pour que les autorit\u00e9s se d\u00e9cident \u00e0 faire quelque chose ? (janvier 2008)<\/li>\n<li><a href=\"http:\/\/www.accomplir.asso.fr\/dossiers\/Saint-Honore\/08_Bilan_inversion_rue_Saint-Honore.pdf\" target=\"blank\">R\u00e9union publique \u00e0 la mairie du 1er sur le bilan de l'inversion de la rue Saint-Honor\u00e9<\/a> (3 d\u00e9cembre 2002) : la r\u00e9union de concertation sur l'inversion du sens de la rue Saint-Honor\u00e9 a \u00e9t\u00e9 relativement houleuse ; en gros, le r\u00e9sultat (pas explicitement annonc\u00e9) est que l'exp\u00e9rimentation va se poursuivre encore au moins jusqu'\u00e0 fin janvier, mais l'issue n'est pas encore certaine.<\/li>\n<li><a href=\"http:\/\/www.accomplir.asso.fr\/dossiers\/Saint-Honore\/09_Reu_trav_Saint-Honore.pdf\" target=\"blank\">R\u00e9union de travail ACCOMPLIR sur la rue Saint-Honor\u00e9<\/a> (20 novembre 2002) : Le groupe de travail sur la rue Saint-Honor\u00e9 a pr\u00e9par\u00e9 ses arguments pour la r\u00e9union publique du 3 d\u00e9cembre sur le bilan de l'op\u00e9ration d'inversion du sens.<\/li>\n<li><a href=\"http:\/\/www.accomplir.asso.fr\/dossiers\/Saint-Honore\/10_concertation_inversion_Saint-Honore.pdf\" target=\"blank\">R\u00e9union de concertation \u00e0 la mairie du 1er sur l'inversion du sens de la circulation de la rue Saint-Honor\u00e9<\/a> (18 juin 2001: les commer\u00e7ants de la rue Saint-Honor\u00e9 pr\u00e9sentent une p\u00e9tition contre le projet d'inversion.<\/li>\n<li><a href=\"http:\/\/www.accomplir.asso.fr\/commun\/vignettesthonore.gif\" target=\"_blank\">Un plan du quartier Saint-Honor\u00e9<\/a> (.gif \u00e0150ppp)<\/li>\n<\/ul>\n","protected":false},"excerpt":{"rendered":"<p>Nos archives La rue Bailleul \u00e0 nouveau sinistr\u00e9e (septembre 2011) Courrier adress\u00e9 au Maire du 1er par Accomplir pour lui demander de r\u00e9activer le comit\u00e9 de suivi de la rue Bailleul (05\/10\/11). Un nouveau cas \u00ab Enio \u00bb \u00e9vit\u00e9 ! (mars 2010) Sur le dossier de la rue Bailleul, M. Legaret (Maire du 1er) semble &hellip; <a href=\"http:\/\/www.accomplir.asso.fr\/accomplir\/?page_id=315\" class=\"more-link\">Continuer la lecture de <span class=\"screen-reader-text\">Quartier Saint-Honor\u00e9<\/span>  <span class=\"meta-nav\">&rarr;<\/span><\/a><\/p>\n","protected":false},"author":4,"featured_media":0,"parent":0,"menu_order":0,"comment_status":"closed","ping_status":"closed","template":"","meta":[],"_links":{"self":[{"href":"http:\/\/www.accomplir.asso.fr\/accomplir\/index.php?rest_route=\/wp\/v2\/pages\/315"}],"collection":[{"href":"http:\/\/www.accomplir.asso.fr\/accomplir\/index.php?rest_route=\/wp\/v2\/pages"}],"about":[{"href":"http:\/\/www.accomplir.asso.fr\/accomplir\/index.php?rest_route=\/wp\/v2\/types\/page"}],"author":[{"embeddable":true,"href":"http:\/\/www.accomplir.asso.fr\/accomplir\/index.php?rest_route=\/wp\/v2\/users\/4"}],"replies":[{"embeddable":true,"href":"http:\/\/www.accomplir.asso.fr\/accomplir\/index.php?rest_route=%2Fwp%2Fv2%2Fcomments&post=315"}],"version-history":[{"count":6,"href":"http:\/\/www.accomplir.asso.fr\/accomplir\/index.php?rest_route=\/wp\/v2\/pages\/315\/revisions"}],"predecessor-version":[{"id":759,"href":"http:\/\/www.accomplir.asso.fr\/accomplir\/index.php?rest_route=\/wp\/v2\/pages\/315\/revisions\/759"}],"wp:attachment":[{"href":"http:\/\/www.accomplir.asso.fr\/accomplir\/index.php?rest_route=%2Fwp%2Fv2%2Fmedia&parent=315"}],"curies":[{"name":"wp","href":"https:\/\/api.w.org\/{rel}","templated":true}]}}