{"id":312,"date":"2014-05-10T18:36:48","date_gmt":"2014-05-10T16:36:48","guid":{"rendered":"http:\/\/www.accomplir.asso.fr\/accomplir\/?page_id=312"},"modified":"2015-05-02T23:24:07","modified_gmt":"2015-05-02T21:24:07","slug":"quartier-saint-germain-lauxerrois-archives","status":"publish","type":"page","link":"http:\/\/www.accomplir.asso.fr\/accomplir\/?page_id=312","title":{"rendered":"Quartier Saint-Germain l'Auxerrois"},"content":{"rendered":"<h2>Nos archives<\/h2>\n<ul>\n<li>Intervention d'Alain Le Garrec au Conseil de Paris pour <a href=\"http:\/\/www.accomplir.asso.fr\/dossiers\/Saint-Germain_Auxerrois\/desserte%20LVMH.htm\" target=\"blank\">cr\u00e9er une desserte souterraine pour les livraisons de LVMH<\/a> (10\/05\/04)<\/li>\n<li><a href=\"http:\/\/www.accomplir.asso.fr\/dossiers\/Saint-Germain_Auxerrois\/49_Blocs_clim_LVMH.pdf\" target=\"blank\">Conseil de quartier Saint-Germain l\u2019Auxerrois<\/a> (31\/03\/03) : Premi\u00e8re rencontre avec un nouvel acteur phare du quartier : LVMH.<\/li>\n<li><a href=\"http:\/\/www.accomplir.asso.fr\/dossiers\/Saint-Germain_Auxerrois\/45_Conseil_quartier_Auxerrois.pdf\" target=\"blank\">Intervention sur le projet d\u2019installation de blocs de climatisation rue de l\u2019Arbre Sec<\/a> (17\/12\/02) : les enfants de l\u2019\u00e9cole et de la cr\u00e8che menac\u00e9s par une augmentation de la pollution sonore ?<\/li>\n<\/ul>\n","protected":false},"excerpt":{"rendered":"<p>Nos archives Intervention d'Alain Le Garrec au Conseil de Paris pour cr\u00e9er une desserte souterraine pour les livraisons de LVMH (10\/05\/04) Conseil de quartier Saint-Germain l\u2019Auxerrois (31\/03\/03) : Premi\u00e8re rencontre avec un nouvel acteur phare du quartier : LVMH. Intervention sur le projet d\u2019installation de blocs de climatisation rue de l\u2019Arbre Sec (17\/12\/02) : les &hellip; <a href=\"http:\/\/www.accomplir.asso.fr\/accomplir\/?page_id=312\" class=\"more-link\">Continuer la lecture de <span class=\"screen-reader-text\">Quartier Saint-Germain l'Auxerrois<\/span>  <span class=\"meta-nav\">&rarr;<\/span><\/a><\/p>\n","protected":false},"author":4,"featured_media":0,"parent":0,"menu_order":0,"comment_status":"closed","ping_status":"closed","template":"","meta":[],"_links":{"self":[{"href":"http:\/\/www.accomplir.asso.fr\/accomplir\/index.php?rest_route=\/wp\/v2\/pages\/312"}],"collection":[{"href":"http:\/\/www.accomplir.asso.fr\/accomplir\/index.php?rest_route=\/wp\/v2\/pages"}],"about":[{"href":"http:\/\/www.accomplir.asso.fr\/accomplir\/index.php?rest_route=\/wp\/v2\/types\/page"}],"author":[{"embeddable":true,"href":"http:\/\/www.accomplir.asso.fr\/accomplir\/index.php?rest_route=\/wp\/v2\/users\/4"}],"replies":[{"embeddable":true,"href":"http:\/\/www.accomplir.asso.fr\/accomplir\/index.php?rest_route=%2Fwp%2Fv2%2Fcomments&post=312"}],"version-history":[{"count":3,"href":"http:\/\/www.accomplir.asso.fr\/accomplir\/index.php?rest_route=\/wp\/v2\/pages\/312\/revisions"}],"predecessor-version":[{"id":758,"href":"http:\/\/www.accomplir.asso.fr\/accomplir\/index.php?rest_route=\/wp\/v2\/pages\/312\/revisions\/758"}],"wp:attachment":[{"href":"http:\/\/www.accomplir.asso.fr\/accomplir\/index.php?rest_route=%2Fwp%2Fv2%2Fmedia&parent=312"}],"curies":[{"name":"wp","href":"https:\/\/api.w.org\/{rel}","templated":true}]}}