{"id":304,"date":"2014-05-10T18:25:40","date_gmt":"2014-05-10T16:25:40","guid":{"rendered":"http:\/\/www.accomplir.asso.fr\/accomplir\/?page_id=304"},"modified":"2015-05-02T23:23:33","modified_gmt":"2015-05-02T21:23:33","slug":"plan-de-deplacements-de-paris-archives","status":"publish","type":"page","link":"http:\/\/www.accomplir.asso.fr\/accomplir\/?page_id=304","title":{"rendered":"Plan de D\u00e9placements"},"content":{"rendered":"<h2>Nos archives<\/h2>\n<ul>\n<li><a href=\"http:\/\/www.accomplir.asso.fr\/dossiers\/projet_dep_paris\/contribution_PDP_quartiers_centraux.pdf\" target=\"blank\">Bilan des cinq groupes de travail des conseils de quartier des quartiers centraux sur le PDP<\/a> (janvier-mars 2006). Cinq groupes de travail th\u00e9matiques ont apport\u00e9 leur contribution \u00e0 la concertaiton : livraison - r\u00e9glementation ; circulations douces - approches alternatives ; stationnement ; accessibilit\u00e9 ; circulation de transit.<\/li>\n<li><a href=\"http:\/\/www.accomplir.asso.fr\/dossiers\/projet_dep_paris\/resultats_pdp.pdf\" target=\"blank\">R\u00e9sultats de la consultation dans le cadre du Plan de d\u00e9placement de Paris<\/a> - Etude IPSOS \/ Mairie de Paris (1er mars 2006)<\/li>\n<li><a href=\"http:\/\/www.accomplir.asso.fr\/dossiers\/projet_dep_paris\/PDP%20PLATEF%20V2%20.pdf\" target=\"blank\">Avis de la Plateforme des associations parisiennes d'habitants sur le PDP<\/a> (mars 2006). La Plateforme des associations parisiennes d\u2019habitants, f\u00e9d\u00e9ration \u00e0 laquelle appartient Accomplir, vient de rendre un avis sur le PDP, dans lequel elle demande en particulier : une analyse quantitative et qualitative de l\u2019\u00e9volution des d\u00e9placements dans la capitale, dont l\u2019int\u00e9ressante enqu\u00eate r\u00e9alis\u00e9e aupr\u00e8s des Parisiens ne saurait tenir lieu ; la publication de l\u2019\u00e9tat des r\u00e9flexions de la Ville avec le STIF et les entreprises de transport public (RATP, SNCF) pour organiser un meilleur report des d\u00e9placements individuels priv\u00e9s sur les transports publics ; davantage de communication sur les projets futurs (par exemple sur le devenir des voies sur berges et de la circulation au centre de Paris) ; quelle est la position de la Ville sur le remplacement du stationnement de surface par du stationnement souterrain ; quelle est sa politique concernant la circulation et le stationnement des deux roues motoris\u00e9s, qui sont en pleine expansion actuellement.<\/li>\n<li><a href=\"http:\/\/www.accomplir.asso.fr\/dossiers\/projet_dep_paris\/04%20CR%20PDP.pdf\" target=\"blank\">Compte rendu de la premi\u00e8re r\u00e9union sur le Projet de D\u00e9placements de Paris (PDP)<\/a> (16\/11\/05)<\/li>\n<li><a href=\"http:\/\/www.accomplir.asso.fr\/dossiers\/20080210\/RMT01-008.pdf\" target=\"blank\">Analyse de l'exp\u00e9rience de villes \u00e9trang\u00e8res dans le domaine des d\u00e9placements non motoris\u00e9s<\/a>, 4D et Altermodal, Paris (f\u00e9vrier 2001).<\/li>\n<\/ul>\n","protected":false},"excerpt":{"rendered":"<p>Nos archives Bilan des cinq groupes de travail des conseils de quartier des quartiers centraux sur le PDP (janvier-mars 2006). Cinq groupes de travail th\u00e9matiques ont apport\u00e9 leur contribution \u00e0 la concertaiton : livraison - r\u00e9glementation ; circulations douces - approches alternatives ; stationnement ; accessibilit\u00e9 ; circulation de transit. R\u00e9sultats de la consultation dans &hellip; <a href=\"http:\/\/www.accomplir.asso.fr\/accomplir\/?page_id=304\" class=\"more-link\">Continuer la lecture de <span class=\"screen-reader-text\">Plan de D\u00e9placements<\/span>  <span class=\"meta-nav\">&rarr;<\/span><\/a><\/p>\n","protected":false},"author":4,"featured_media":0,"parent":0,"menu_order":0,"comment_status":"closed","ping_status":"closed","template":"","meta":[],"_links":{"self":[{"href":"http:\/\/www.accomplir.asso.fr\/accomplir\/index.php?rest_route=\/wp\/v2\/pages\/304"}],"collection":[{"href":"http:\/\/www.accomplir.asso.fr\/accomplir\/index.php?rest_route=\/wp\/v2\/pages"}],"about":[{"href":"http:\/\/www.accomplir.asso.fr\/accomplir\/index.php?rest_route=\/wp\/v2\/types\/page"}],"author":[{"embeddable":true,"href":"http:\/\/www.accomplir.asso.fr\/accomplir\/index.php?rest_route=\/wp\/v2\/users\/4"}],"replies":[{"embeddable":true,"href":"http:\/\/www.accomplir.asso.fr\/accomplir\/index.php?rest_route=%2Fwp%2Fv2%2Fcomments&post=304"}],"version-history":[{"count":3,"href":"http:\/\/www.accomplir.asso.fr\/accomplir\/index.php?rest_route=\/wp\/v2\/pages\/304\/revisions"}],"predecessor-version":[{"id":755,"href":"http:\/\/www.accomplir.asso.fr\/accomplir\/index.php?rest_route=\/wp\/v2\/pages\/304\/revisions\/755"}],"wp:attachment":[{"href":"http:\/\/www.accomplir.asso.fr\/accomplir\/index.php?rest_route=%2Fwp%2Fv2%2Fmedia&parent=304"}],"curies":[{"name":"wp","href":"https:\/\/api.w.org\/{rel}","templated":true}]}}