{"id":210,"date":"2014-05-09T17:26:21","date_gmt":"2014-05-09T15:26:21","guid":{"rendered":"http:\/\/www.accomplir.asso.fr\/accomplir\/?page_id=210"},"modified":"2015-04-30T23:48:21","modified_gmt":"2015-04-30T21:48:21","slug":"climespace-archives","status":"publish","type":"page","link":"http:\/\/www.accomplir.asso.fr\/accomplir\/?page_id=210","title":{"rendered":"Climespace"},"content":{"rendered":"<h2>Nos archives<\/h2>\n<ul>\n<li>L\u2019essentiel des travaux concernant les nuisances sonores sont termin\u00e9s. Le <a href=\"http:\/\/www.accomplir.asso.fr\/dossiers\/20071111\/27%20climespace.pdf\" target=\"_blank\">rapport de la soci\u00e9t\u00e9 Peutz &amp; Associ\u00e9s<\/a> conclut que \u00ab les essais r\u00e9alis\u00e9s ont montr\u00e9 l\u2019efficacit\u00e9 des travaux entrepris \u00bb et que \u00ab la soci\u00e9t\u00e9 Climespace a respect\u00e9 ses engagements \u00bb. La prochaine tranche de travaux devra maintenant r\u00e9duire les nuisances sonores provenant des tours de refroidissement (11\/10\/07)<\/li>\n<li><a href=\"http:\/\/www.accomplir.asso.fr\/dossiers\/climespace\/05%20Climespace.pdf\" target=\"_blank\">Climespace : visite des nouveaux groupes \u00e9lectrog\u00e8nes de la centrale<\/a> : la mise aux normes d\u2019environnement se poursuit. (18\/11\/05)<\/li>\n<li><a href=\"http:\/\/www.accomplir.asso.fr\/dossiers\/climespace\/CR%20Climespace%20octobre%202004.doc.pdf\" target=\"_blank\">R\u00e9union avec les associations organis\u00e9e par les responsables de Climespace<\/a> : d\u00e9tail et calendrier des travaux pr\u00e9vus (19\/10\/04).<\/li>\n<li><a href=\"http:\/\/www.accomplir.asso.fr\/dossiers\/climespace\/climespace.pdf\" target=\"_blank\">Dossier concernant l'installation des bungalows de chantier rue Turbigo<\/a> pour les travaux de Climespace (septembre 2004).<\/li>\n<li><a href=\"http:\/\/www.accomplir.asso.fr\/dossiers\/climespace\/CR%20climespace%20avril%202004.pdf\" target=\"_blank\">R\u00e9union publique organis\u00e9e par les responsables de Climespace<\/a> (27\/04\/04) : les travaux vont commencer.<\/li>\n<li>Premi\u00e8re <a href=\"http:\/\/www.accomplir.asso.fr\/dossiers\/climespace\/CLIMESPACE.html\" target=\"_blank\">r\u00e9union de travail avec les associations pour Climespace<\/a>, qui pr\u00e9pare le lancement des travaux : bient\u00f4t une r\u00e9union publique et un petit journal (29\/01\/04)<\/li>\n<li>Malgr\u00e9 les objections du Maire du 1er, <a href=\"http:\/\/www.accomplir.asso.fr\/dossiers\/renovation\/Deliberation%20du%20conseil%20de%20Paris.html\" target=\"_blank\">la remise aux normes de la centrale Climespace<\/a> va pouvoir commencer d\u00e8s 2004 gr\u00e2ce \u00e0 une d\u00e9lib\u00e9ration du conseil de Paris (16\/12\/03)<\/li>\n<li><a href=\"http:\/\/www.accomplir.asso.fr\/dossiers\/renovation\/climespace.htm\" target=\"_blank\">Entretien avec les responsables de Climespace<\/a>, qui nous ont expliqu\u00e9 en d\u00e9tail d\u2019o\u00f9 provenaient les nuisances de la centrale thermique et comment ils envisageaient d\u2019y mettre un terme (12\/09\/03)<\/li>\n<\/ul>\n","protected":false},"excerpt":{"rendered":"<p>Nos archives L\u2019essentiel des travaux concernant les nuisances sonores sont termin\u00e9s. Le rapport de la soci\u00e9t\u00e9 Peutz &amp; Associ\u00e9s conclut que \u00ab les essais r\u00e9alis\u00e9s ont montr\u00e9 l\u2019efficacit\u00e9 des travaux entrepris \u00bb et que \u00ab la soci\u00e9t\u00e9 Climespace a respect\u00e9 ses engagements \u00bb. La prochaine tranche de travaux devra maintenant r\u00e9duire les nuisances sonores provenant &hellip; <a href=\"http:\/\/www.accomplir.asso.fr\/accomplir\/?page_id=210\" class=\"more-link\">Continuer la lecture de <span class=\"screen-reader-text\">Climespace<\/span>  <span class=\"meta-nav\">&rarr;<\/span><\/a><\/p>\n","protected":false},"author":4,"featured_media":0,"parent":0,"menu_order":0,"comment_status":"closed","ping_status":"closed","template":"","meta":[],"_links":{"self":[{"href":"http:\/\/www.accomplir.asso.fr\/accomplir\/index.php?rest_route=\/wp\/v2\/pages\/210"}],"collection":[{"href":"http:\/\/www.accomplir.asso.fr\/accomplir\/index.php?rest_route=\/wp\/v2\/pages"}],"about":[{"href":"http:\/\/www.accomplir.asso.fr\/accomplir\/index.php?rest_route=\/wp\/v2\/types\/page"}],"author":[{"embeddable":true,"href":"http:\/\/www.accomplir.asso.fr\/accomplir\/index.php?rest_route=\/wp\/v2\/users\/4"}],"replies":[{"embeddable":true,"href":"http:\/\/www.accomplir.asso.fr\/accomplir\/index.php?rest_route=%2Fwp%2Fv2%2Fcomments&post=210"}],"version-history":[{"count":7,"href":"http:\/\/www.accomplir.asso.fr\/accomplir\/index.php?rest_route=\/wp\/v2\/pages\/210\/revisions"}],"predecessor-version":[{"id":747,"href":"http:\/\/www.accomplir.asso.fr\/accomplir\/index.php?rest_route=\/wp\/v2\/pages\/210\/revisions\/747"}],"wp:attachment":[{"href":"http:\/\/www.accomplir.asso.fr\/accomplir\/index.php?rest_route=%2Fwp%2Fv2%2Fmedia&parent=210"}],"curies":[{"name":"wp","href":"https:\/\/api.w.org\/{rel}","templated":true}]}}