{"id":198,"date":"2014-05-09T17:16:44","date_gmt":"2014-05-09T15:16:44","guid":{"rendered":"http:\/\/www.accomplir.asso.fr\/accomplir\/?page_id=198"},"modified":"2015-04-30T23:48:04","modified_gmt":"2015-04-30T21:48:04","slug":"activite-economique-archives","status":"publish","type":"page","link":"http:\/\/www.accomplir.asso.fr\/accomplir\/?page_id=198","title":{"rendered":"Activit\u00e9 \u00e9conomique"},"content":{"rendered":"<h2>Nos archives<\/h2>\n<ul>\n<li>Dans le cadre du projet de r\u00e9novation des Halles, une r\u00e9union de concertation a eu lieu \u00e0 l\u2019H\u00f4tel de ville sur le th\u00e8me de l\u2019emploi (06\/02\/07). Voir le <a href=\"http:\/\/www.accomplir.asso.fr\/dossiers\/activite\/16%20releve%20decision%20emploi%2006-02-07.pdf\" target=\"blank\">relev\u00e9 de d\u00e9cisions<\/a>.<\/li>\n<li><a href=\"http:\/\/www.accomplir.asso.fr\/dossiers\/activite\/02%20CICA%20du%2011%20mai%202006.pdf\" target=\"blank\">CICA sur le tourisme dans le 1er arrondissement<\/a> (11\/05\/06). Le <a href=\"http:\/\/www.accomplir.asso.fr\/dossiers\/activite\/19%20CICA%2011-05.pdf\" target=\"blank\">compte rendu officiel<\/a>.<\/li>\n<li><a href=\"http:\/\/www.accomplir.asso.fr\/dossiers\/activite\/01%20CR%20CICA%20commerce.pdf\" target=\"blank\">CICA sur les activit\u00e9s commerciales dans le 1er Arrondissement<\/a> (09\/02\/06) : quelques chiffres inattendus sur cet arrondissement, en particulier le nombre de RMIstes (500), et des informations sur le devenir des ex-salari\u00e9s de la Samaritaine, auquel le maire du 1er a refus\u00e9 de donner la parole sous la pression du patron de la Samar ! (compte rendu par Accomplir en attendant le compte rendu officiel). Voir le <a href=\"http:\/\/www.accomplir.asso.fr\/dossiers\/20080125\/08%20cica%20samaritaine%20fev%2006.pdf\" target=\"blank\">compte-rendu officiel de la r\u00e9union<\/a>.<\/li>\n<\/ul>\n","protected":false},"excerpt":{"rendered":"<p>Nos archives Dans le cadre du projet de r\u00e9novation des Halles, une r\u00e9union de concertation a eu lieu \u00e0 l\u2019H\u00f4tel de ville sur le th\u00e8me de l\u2019emploi (06\/02\/07). Voir le relev\u00e9 de d\u00e9cisions. CICA sur le tourisme dans le 1er arrondissement (11\/05\/06). Le compte rendu officiel. CICA sur les activit\u00e9s commerciales dans le 1er Arrondissement &hellip; <a href=\"http:\/\/www.accomplir.asso.fr\/accomplir\/?page_id=198\" class=\"more-link\">Continuer la lecture de <span class=\"screen-reader-text\">Activit\u00e9 \u00e9conomique<\/span>  <span class=\"meta-nav\">&rarr;<\/span><\/a><\/p>\n","protected":false},"author":4,"featured_media":0,"parent":0,"menu_order":0,"comment_status":"closed","ping_status":"closed","template":"","meta":[],"_links":{"self":[{"href":"http:\/\/www.accomplir.asso.fr\/accomplir\/index.php?rest_route=\/wp\/v2\/pages\/198"}],"collection":[{"href":"http:\/\/www.accomplir.asso.fr\/accomplir\/index.php?rest_route=\/wp\/v2\/pages"}],"about":[{"href":"http:\/\/www.accomplir.asso.fr\/accomplir\/index.php?rest_route=\/wp\/v2\/types\/page"}],"author":[{"embeddable":true,"href":"http:\/\/www.accomplir.asso.fr\/accomplir\/index.php?rest_route=\/wp\/v2\/users\/4"}],"replies":[{"embeddable":true,"href":"http:\/\/www.accomplir.asso.fr\/accomplir\/index.php?rest_route=%2Fwp%2Fv2%2Fcomments&post=198"}],"version-history":[{"count":9,"href":"http:\/\/www.accomplir.asso.fr\/accomplir\/index.php?rest_route=\/wp\/v2\/pages\/198\/revisions"}],"predecessor-version":[{"id":1222,"href":"http:\/\/www.accomplir.asso.fr\/accomplir\/index.php?rest_route=\/wp\/v2\/pages\/198\/revisions\/1222"}],"wp:attachment":[{"href":"http:\/\/www.accomplir.asso.fr\/accomplir\/index.php?rest_route=%2Fwp%2Fv2%2Fmedia&parent=198"}],"curies":[{"name":"wp","href":"https:\/\/api.w.org\/{rel}","templated":true}]}}