{"id":19,"date":"2014-04-07T18:05:01","date_gmt":"2014-04-07T16:05:01","guid":{"rendered":"http:\/\/www.accomplir.asso.fr\/accomplir\/?page_id=19"},"modified":"2015-06-11T15:44:31","modified_gmt":"2015-06-11T13:44:31","slug":"liens","status":"publish","type":"page","link":"http:\/\/www.accomplir.asso.fr\/accomplir\/?page_id=19","title":{"rendered":"Liens"},"content":{"rendered":"<h1>Liens \/ partenariats<\/h1>\n<p><em>L\u2019association ACCOMPLIR a peu \u00e0 peu nou\u00e9 des liens et des partenariats avec de nombreux acteurs du quartier et de Paris, voire des associations nationales et\/ou en dehors de Paris :<\/em><\/p>\n<h2>Associations d'habitants<\/h2>\n<ul>\n<li><a href=\"http:\/\/www.vivre-paris.fr\" target=\"_blank\">R\u00e9seau Vivre Paris !<\/a> (pour le droit de dormir la nuit et de circuler sans entrave sur l\u2019espace public le jour)<\/li>\n<li><a href=\"http:\/\/www.collectif-samaritaine.fr\" target=\"_blank\">Collectif Samaritaine<\/a> (Ensemble rue Baillet \u2013 SOS Paris \u2013 Association Accomplir)<\/li>\n<li>Ensemble rue Baillet (1er)<\/li>\n<li>Amicale des locataires du 118 rue Rambuteau (1er)<\/li>\n<li>Association pour la D\u00e9fense des Riverains et l\u2019Animation du Quartier des Halles (ADRAQH) (1er)<\/li>\n<li>Association Qualit\u00e9 et S\u00e9curit\u00e9 autour de Saint-Eustache (1er)<\/li>\n<li>Vivre dans le quartier des Halles-Montorgueil-Saint-Eustache-Montmartre (1er)<\/li>\n<li>ASSACTIVE (Association Active des R\u00e9sidents et Commer\u00e7ants du Quartier de l'Horloge) (3\u00e8me)<\/li>\n<li>Association Marais Quatre (4\u00e8me)<\/li>\n<li><a href=\"http:\/\/vivrelemarais.typepad.fr\/\" target=\"_blank\">Vivre le Marais !<\/a> (3\u00e8me et 4\u00e8me)<\/li>\n<li>Droit au sommeil, halte aux nuisances (5\u00e8me)<\/li>\n<li><a href=\"http:\/\/www.quartier-latin-passionnement.fr\/\" target=\"_blank\">Quartier Latin Passionn\u00e9ment<\/a> (5\u00e8me-6\u00e8me)<\/li>\n<li>SOS Bruit Paris 6\u00e8me<\/li>\n<li><a href=\"http:\/\/membres.multimania.fr\/addm18\/present.html\" target=\"_blank\">ADDM 18<\/a> (18\u00e8me)<\/li>\n<li><a href=\"http:\/\/collectif-riverains-clichy-rochechouart.asso-web.com\/\" target=\"_blank\">Collectif des riverains des boulevards Clichy et Rochechouart<\/a> (9\u00e8me et 18\u00e8me)<\/li>\n<li>Comit\u00e9 d'am\u00e9nagement et d'animation du 8\u00e8me arrondissement (8\u00e8me)<\/li>\n<li><a href=\"http:\/\/www.declic1718-paris.org\" target=\"_blank\">d\u00e9CLIC 17-18 <\/a> (8\u00e8me, 9\u00e8me, 17\u00e8me, 18\u00e8me)<\/li>\n<li>Vivre SoPi (9\u00e8me)<\/li>\n<li>Association des Riverains du Canal Saint-Martin (10\u00e8me)<\/li>\n<li>Collectif \"Pour une cour tranquille\" (10\u00e8me)<\/li>\n<li><a href=\"http:\/\/www.accomplir.asso.fr\/docs_vivre-paris\/collectif_riverains_timbaud.pdf\" target=\"_blank\">Collectif Riverains Jean-Pierre Timbaud<\/a> (11\u00e8me)<\/li>\n<li><a href=\"http:\/\/lesriverainsdelabutteauxcailles.fr\/\" target=\"_blank\">Les Riverains de la Butte aux Cailles<\/a> (13\u00e8me)<\/li>\n<li>Association des riverains du quartier Necker, rues Blomet et Copreaux (15\u00e8me)<\/li>\n<li>XVIe Demain (16\u00e8me)<\/li>\n<li><a title=\"Les Riverains du Parc de la Villette\" href=\"http:\/\/jeudisvillette.blogspot.fr\/\" target=\"_blank\">Riverains du Parc de la Villette<\/a> (19\u00e8me)<\/li>\n<li>Vivre les Buttes-Chaumont (19\u00e8me)<\/li>\n<li><a href=\"http:\/\/www.vivre-secretan.com\" target=\"_blank\">Vivre Secr\u00e9tan<\/a> (19\u00e8me)<\/li>\n<li>Collectif Riverains Village M\u00e9nilmontant (20\u00e8me)<\/li>\n<li><a href=\"http:\/\/actionbarbes.blogspirit.com\/\" target=\"_blank\">Action Barb\u00e8s<\/a> (9\u00e8me, 18\u00e8me)<\/li>\n<li>Emmanuel Matt, <a href=\"http:\/\/www.mediaunautreregard.com\/\" target=\"_blank\">Media Un Autre Regard<\/a> (2\u00e8me)<\/li>\n<li><a href=\"http:\/\/vivretoulouse.com\" target=\"_blank\">Le R\u00e9seau Vivre Toulouse !<\/a> (Toulouse)<\/li>\n<li><a href=\"http:\/\/lesruesdegraslin.blogspot.fr\/\" target=\"_blank\">Les rues de Graslin<\/a> (Nantes)<\/li>\n<\/ul>\n<h2>Associations nationales<\/h2>\n<ul>\n<li><a href=\"http:\/\/nuisances.advtv.free.fr\/\" target=\"_blank\">A.Ab.V (Association Antibruit de Voisinage)<\/a><\/li>\n<li>APABE (Association pour la Pr\u00e9vention et l'Action contre les Bruits Excessifs)<\/li>\n<li><a href=\"http:\/\/www.apf.asso.fr\" target=\"_blank\">Association des Paralys\u00e9s de France<\/a><\/li>\n<li><a href=\"http:\/\/www.avh.asso.fr\/index.php\" target=\"_blank\">Association Valentin Ha\u00fcy<\/a> au service des aveugles et des malvoyants, Service \"accessibilit\u00e9\"<\/li>\n<li>HANDIRAIL<\/li>\n<li><a href=\"http:\/\/dnf.asso.fr\/\" target=\"_blank\">Les Droits des Non-Fumeurs<\/a><\/li>\n<li><a href=\"http:\/\/www.pietons.org\/\" target=\"_blank\">Les Droits du Pi\u00e9ton<\/a><\/li>\n<\/ul>\n<h2>Associations de parents d'\u00e9l\u00e8ves<\/h2>\n<ul>\n<li><a href=\"https:\/\/www.facebook.com\/APECPARIS\" target=\"_blank\">Association des parents d'\u00e9l\u00e8ves du Conservatoire du Centre de Paris<\/a> (APEC)<\/li>\n<li>Parents d'\u00e9l\u00e8ves de St-Germain l'Auxerrois<\/li>\n<li>Parents d'\u00e9l\u00e8ves de l'Arbre Sec<\/li>\n<\/ul>\n<h2>Activit\u00e9s culturelles et sportives (enfants et\/ou adultes)<\/h2>\n<ul>\n<li><a href=\"http:\/\/www.bachiquesbouzouks.com\/\" target=\"_blank\">Bachiques Bouzouks<\/a> (chorale de rue du quartier des Halles)<\/li>\n<li><a href=\"https:\/\/www.facebook.com\/ChanteursSaintEustache\" target=\"_blank\">Les Chanteurs de Saint-Eustache<\/a><\/li>\n<li><a href=\"http:\/\/www.centrecerise.com\" target=\"_blank\">CERISE<\/a><\/li>\n<li><a href=\"http:\/\/www.anim-leshalles.org\" target=\"_blank\">Centre d\u2019animation les Halles le Marais<\/a><\/li>\n<li><a href=\"http:\/\/www.cameleonclub.com\" target=\"_blank\">Le Cam\u00e9l\u00e9on Club<\/a> (un lieu d'activit\u00e9s dans le quartier Sentier - Montorgueil)<\/li>\n<li><a href=\"http:\/\/www.parimagine.fr\" target=\"_blank\">Phototh\u00e8que des jeunes parisiens<\/a> (collection de vieilles photos de Paris)<\/li>\n<li><a href=\"http:\/\/www.grspariscentre.fr\/\" target=\"_blank\">Club GRS Paris-Centre<\/a><\/li>\n<li><a href=\"http:\/\/judopariscentre.chez-alice.fr\/\" target=\"_blank\">Club de judo Paris-Centre<\/a><\/li>\n<li><a href=\"http:\/\/moudok.free.fr\" target=\"_blank\">Club Tae Kwondo Moudok Kwan<\/a><\/li>\n<li><a href=\"www.pecheursdeparis.fr\" target=\"_blank\">Union des P\u00eacheurs de Paris et de la Seine<\/a><\/li>\n<li><a href=\"https:\/\/bibliothequecanopee.wordpress.com\" target=\"_blank\">M\u00e9diath\u00e8que de la Canop\u00e9e - La Fontaine<\/a><\/li>\n<\/ul>\n<h2>Associations \u00e0 but social et caritatif<\/h2>\n<ul>\n<li><a href=\"http:\/\/www.mainslibres.asso.fr\" target=\"_blank\">Mains libres<\/a> (bagagerie associative biquotidienne pour les SDF des Halles)<\/li>\n<li><a href=\"http:\/\/www.laclairiere.org\" target=\"_blank\">Centre social La Clairi\u00e8re<\/a><\/li>\n<li><a href=\"http:\/\/www.mondegourmand.com\/\" target=\"_blank\">Un Monde gourmand<\/a> (Entreprise d\u2019insertion de La Clairi\u00e8re)<\/li>\n<li><a href=\"http:\/\/www.captifs.asso.fr\" target=\"_blank\">Association Aux captifs la lib\u00e9ration<\/a> (aide aux SDF)<\/li>\n<li><a href=\"http:\/\/soupesainteustache.free.fr\" target=\"_blank\">Association La Soupe Saint-Eustache<\/a><\/li>\n<li><a href=\"http:\/\/www.emmaus-france.org\" target=\"_blank\">Agora Emma\u00fcs<\/a><\/li>\n<li><a href=\"http:\/\/www.mortsdelarue.org\/\" target=\"_blank\">Collectif des Morts de la rue<\/a><\/li>\n<li><a href=\"http:\/\/www.snl-union.org\" target=\"_blank\">Association Solidarit\u00e9s Nouvelles pour le Logement<\/a> (SNL)<\/li>\n<li><a href=\"http:\/\/www.atd-quartmonde.asso.fr\" target=\"_blank\">ATD Quart-Monde<\/a><\/li>\n<li><a href=\"http:\/\/www.groupe-sos.org\/centres\/23-Centre_110_Les_Halles\" target=\"_blank\">Centre 110 Les Halles<\/a> (centre de soins pour les toxicomanes)<\/li>\n<li><a href=\"http:\/\/mieux.vivre.sourd.free.fr\" target=\"_blank\">Mieux Vivre<\/a> (association de malentendants)<\/li>\n<\/ul>\n<h2>Associations de protection de l'environnement, des animaux et de d\u00e9fense du patrimoine<\/h2>\n<ul>\n<li><a href=\"http:\/\/www.idfe.eu\" target=\"_blank\">Ile-de-France Environnement<\/a><\/li>\n<li><a href=\"http:\/\/sosparisblog.wordpress.com\" target=\"_blank\">SOS Paris<\/a><\/li>\n<li><a href=\"http:\/\/www.sppef.fr\" target=\"_blank\">Soci\u00e9t\u00e9 pour la Protection des Paysages et de l\u2019Esth\u00e9tique de la France (SPPEF)<\/a><\/li>\n<li><a href=\"http:\/\/www.paris-historique.org\" target=\"_blank\">Sauvegarde et mise en valeur du Paris historique<\/a><\/li>\n<li>Association Chadhal<\/li>\n<\/ul>\n<h2>Institutions<\/h2>\n<ul>\n<li><a href=\"http:\/\/www.mairie1.paris.fr\/\" target=\"_blank\">Mairie du 1er<\/a><\/li>\n<li><a href=\"http:\/\/www.mairie2.paris.fr\/\" target=\"_blank\">Mairie du 2\u00e8me<\/a><\/li>\n<li><a href=\"http:\/\/www.paris.fr\/\" target=\"_blank\">Mairie de Paris<\/a><\/li>\n<li><a href=\"http:\/\/mairie01.paris.fr\/mairie01\/jsp\/site\/Portal.jsp?page_id=179\" target=\"_blank\">Conseil de quartier des Halles<\/a><\/li>\n<li><a href=\"http:\/\/mairie01.paris.fr\/mairie01\/jsp\/site\/Portal.jsp?page_id=180\" target=\"_blank\">Conseil de quartier St-Germain l'Auxerrois<\/a><\/li>\n<li><a href=\"http:\/\/www.mairie01.paris.fr\/mairie01\/jsp\/site\/Portal.jsp?page_id=181\" target=\"_blank\">Conseil de quartier Palais Royal - Vend\u00f4me<\/a><\/li>\n<li><a href=\"http:\/\/www.mairie02.paris.fr\/mairie02\/jsp\/site\/Portal.jsp?page_id=20\" target=\"_blank\">Conseils de quartier du 2\u00e8me arrondissement<\/a><\/li>\n<li><a href=\"http:\/\/equipement.paris.fr\/ecole-maternelle-saint-germain-l-auxerrois-388\" target=\"_blank\">Ecole St-Germain l\u2019Auxerrois<\/a><\/li>\n<li><a href=\"http:\/\/equipement.paris.fr\/maison-des-associations-du-1er-arrondissement-3317\" target=\"_blank\">Maison des associations du 1er arrondissement<\/a><\/li>\n<li><a href=\"http:\/\/equipement.paris.fr\/maison-des-associations-du-2eme-arrondissement-3271\" target=\"_blank\">Maison des associations du 2\u00e8me arrondissement<\/a><\/li>\n<li><a href=\"http:\/\/equipement.paris.fr\/ecole-elementaire-de-l-arbre-sec-3870\" target=\"_blank\">Ecole de l\u2019Arbre Sec<\/a><\/li>\n<li><a href=\"http:\/\/equipement.paris.fr\/ecole-polyvalente-etienne-marcel-767\" target=\"_blank\">Ecole Etienne Marcel<\/a><\/li>\n<li><a href=\"http:\/\/www.ac-paris.fr\/serail\/jcms\/s2_357556\/ee-clg-jean-baptiste-poquelin-portail\" target=\"_blank\">Coll\u00e8ge Jean-Baptiste Poquelin<\/a><\/li>\n<li><a href=\"http:\/\/www.ac-paris.fr\/serail\/jcms\/s1_94183\/ee-clg-cesar-franck-portail\" target=\"_blank\">Coll\u00e8ge C\u00e9sar Franck<\/a><\/li>\n<li><a href=\"http:\/\/equipement.paris.fr\/conservatoire-municipal-w-a-mozart-1595\" target=\"_blank\">Conservatoire du Centre de Paris W.A. Mozart<\/a><\/li>\n<li><a href=\"http:\/\/www.saint-eustache.org\/\" target=\"_blank\">Paroisse Saint-Eustache<\/a><\/li>\n<li><a href=\"http:\/\/eglisesaintleu.free.fr\/\" target=\"_blank\">Paroisse Saint-Leu<\/a><\/li>\n<li><a href=\"http:\/\/www.parisleshalles.fr\" target=\"_blank\">Paris les Halles<\/a><\/li>\n<li><a href=\"http:\/\/www.parisleshalles.fr\/comte-de-suivi-des-travaux\" target=\"_blank\">Comit\u00e9 de suivi du chantier des Halles<\/a><\/li>\n<\/ul>\n<h2>Entreprises<\/h2>\n<ul>\n<li><a href=\"http:\/\/www.forumdeshalles.com\" target=\"_blank\">Centre commercial du Forum<\/a><\/li>\n<li><a href=\"http:\/\/www.climespace.fr\" target=\"_blank\">Climespace<\/a><\/li>\n<\/ul>\n","protected":false},"excerpt":{"rendered":"<p>Liens \/ partenariats L\u2019association ACCOMPLIR a peu \u00e0 peu nou\u00e9 des liens et des partenariats avec de nombreux acteurs du quartier et de Paris, voire des associations nationales et\/ou en dehors de Paris : Associations d'habitants R\u00e9seau Vivre Paris ! (pour le droit de dormir la nuit et de circuler sans entrave sur l\u2019espace public &hellip; <a href=\"http:\/\/www.accomplir.asso.fr\/accomplir\/?page_id=19\" class=\"more-link\">Continuer la lecture de <span class=\"screen-reader-text\">Liens<\/span>  <span class=\"meta-nav\">&rarr;<\/span><\/a><\/p>\n","protected":false},"author":4,"featured_media":0,"parent":2,"menu_order":6,"comment_status":"closed","ping_status":"closed","template":"","meta":[],"_links":{"self":[{"href":"http:\/\/www.accomplir.asso.fr\/accomplir\/index.php?rest_route=\/wp\/v2\/pages\/19"}],"collection":[{"href":"http:\/\/www.accomplir.asso.fr\/accomplir\/index.php?rest_route=\/wp\/v2\/pages"}],"about":[{"href":"http:\/\/www.accomplir.asso.fr\/accomplir\/index.php?rest_route=\/wp\/v2\/types\/page"}],"author":[{"embeddable":true,"href":"http:\/\/www.accomplir.asso.fr\/accomplir\/index.php?rest_route=\/wp\/v2\/users\/4"}],"replies":[{"embeddable":true,"href":"http:\/\/www.accomplir.asso.fr\/accomplir\/index.php?rest_route=%2Fwp%2Fv2%2Fcomments&post=19"}],"version-history":[{"count":21,"href":"http:\/\/www.accomplir.asso.fr\/accomplir\/index.php?rest_route=\/wp\/v2\/pages\/19\/revisions"}],"predecessor-version":[{"id":2661,"href":"http:\/\/www.accomplir.asso.fr\/accomplir\/index.php?rest_route=\/wp\/v2\/pages\/19\/revisions\/2661"}],"up":[{"embeddable":true,"href":"http:\/\/www.accomplir.asso.fr\/accomplir\/index.php?rest_route=\/wp\/v2\/pages\/2"}],"wp:attachment":[{"href":"http:\/\/www.accomplir.asso.fr\/accomplir\/index.php?rest_route=%2Fwp%2Fv2%2Fmedia&parent=19"}],"curies":[{"name":"wp","href":"https:\/\/api.w.org\/{rel}","templated":true}]}}