{"id":189,"date":"2014-05-09T17:12:05","date_gmt":"2014-05-09T15:12:05","guid":{"rendered":"http:\/\/www.accomplir.asso.fr\/accomplir\/?page_id=189"},"modified":"2015-05-02T23:23:08","modified_gmt":"2015-05-02T21:23:08","slug":"nos-archives","status":"publish","type":"page","link":"http:\/\/www.accomplir.asso.fr\/accomplir\/?page_id=189","title":{"rendered":"Nos dossiers"},"content":{"rendered":"<h3>Dossiers d'actualit\u00e9<\/h3>\n<ul>\n<li><a href=\"http:\/\/www.accomplir.asso.fr\/accomplir\/?page_id=489\" title=\"R\u00e9novation du quartier des Halles\">R\u00e9novation du quartier des Halles<\/a><\/li>\n<li><a title=\"D\u00e9bordements des terrasses, nuisances sonores nocturnes\" href=\"http:\/\/www.accomplir.asso.fr\/accomplir\/?page_id=227\">D\u00e9bordements des terrasses, nuisances sonores nocturnes<\/a><\/li>\n<li><a href=\"http:\/\/www.collectif-samaritaine.fr\" title=\"Collectif Samaritaine\" target=\"_blank\">La Samaritaine<\/a><\/li>\n<\/ul>\n<p><em>NB : Dans chaque dossier, les textes sont pr\u00e9sent\u00e9s par ordre chronologique inverse.<\/em><\/p>\n<h3>Dossiers archiv\u00e9s<\/h3>\n<ul>\n<li><a title=\"Activit\u00e9 \u00e9conomique (archives)\" href=\"http:\/\/www.accomplir.asso.fr\/accomplir\/?page_id=198\">Activit\u00e9 \u00e9conomique<\/a><\/li>\n<li><a title=\"Citoyennet\u00e9 active (archives)\" href=\"http:\/\/www.accomplir.asso.fr\/accomplir\/?page_id=205\">Citoyennet\u00e9 active<\/a><\/li>\n<li><a title=\"Climespace (archives)\" href=\"http:\/\/www.accomplir.asso.fr\/accomplir\/?page_id=210\">Climespace<\/a><\/li>\n<li><a title=\"Conservatoire du Centre (archives)\" href=\"http:\/\/www.accomplir.asso.fr\/accomplir\/?page_id=214\">Conservatoire du Centre<\/a><\/li>\n<li><a title=\"Enfants et jeunes (archives)\" href=\"http:\/\/www.accomplir.asso.fr\/accomplir\/?page_id=258\">Enfants et jeunes<\/a><\/li>\n<li><a title=\"Foires commerciales (archives)\" href=\"http:\/\/www.accomplir.asso.fr\/accomplir\/?page_id=260\">Foires commerciales<\/a><\/li>\n<li><a title=\"Jardin des Halles (archives)\" href=\"http:\/\/www.accomplir.asso.fr\/accomplir\/?page_id=271\">Jardin des Halles<\/a><\/li>\n<li><a title=\"Jardin des Tuileries (archives)\" href=\"http:\/\/www.accomplir.asso.fr\/accomplir\/?page_id=287\">Jardin des Tuileries<\/a><\/li>\n<li><a title=\"March\u00e9 alimentaire des Halles (archives)\" href=\"http:\/\/www.accomplir.asso.fr\/accomplir\/?page_id=289\">March\u00e9 alimentaire des Halles<\/a><\/li>\n<li><a title=\"Plan Local d\u2019Urbanisme (archives)\" href=\"http:\/\/www.accomplir.asso.fr\/accomplir\/?page_id=300\">Plan local d'urbanisme<\/a><\/li>\n<li><a title=\"Plan de D\u00e9placements de Paris (archives)\" href=\"http:\/\/www.accomplir.asso.fr\/accomplir\/?page_id=304\">Plan de D\u00e9placements de Paris<\/a><\/li>\n<li><a title=\"Quartier Saint-Germain l\u2019Auxerrois (archives)\" href=\"http:\/\/www.accomplir.asso.fr\/accomplir\/?page_id=312\">Quartier Saint-Germain l'Auxerrois<\/a><\/li>\n<li><a title=\"Quartier tranquille Saint-Honor\u00e9 (archives)\" href=\"http:\/\/www.accomplir.asso.fr\/accomplir\/?page_id=315\">Quartier tranquille Saint-Honor\u00e9<\/a><\/li>\n<li><a href=\"http:\/\/www.accomplir.asso.fr\/accomplir\/?page_id=532\" title=\"SDF\">SDF<\/a><\/li>\n<li><a href=\"http:\/\/www.accomplir.asso.fr\/accomplir\/?page_id=546\" title=\"Secteur Saint-Denis (archives)\">Secteur Saint-Denis<\/a><\/li>\n<li><a href=\"http:\/\/www.accomplir.asso.fr\/accomplir\/?page_id=541\" title=\"S\u00e9curit\u00e9  (archives)\">S\u00e9curit\u00e9<\/a><\/li>\n<\/ul>\n<p><em>NB : Dans chaque dossier, les textes sont pr\u00e9sent\u00e9s par ordre chronologique inverse.<\/em><\/p>\n","protected":false},"excerpt":{"rendered":"<p>Dossiers d'actualit\u00e9 R\u00e9novation du quartier des Halles D\u00e9bordements des terrasses, nuisances sonores nocturnes La Samaritaine NB : Dans chaque dossier, les textes sont pr\u00e9sent\u00e9s par ordre chronologique inverse. Dossiers archiv\u00e9s Activit\u00e9 \u00e9conomique Citoyennet\u00e9 active Climespace Conservatoire du Centre Enfants et jeunes Foires commerciales Jardin des Halles Jardin des Tuileries March\u00e9 alimentaire des Halles Plan local &hellip; <a href=\"http:\/\/www.accomplir.asso.fr\/accomplir\/?page_id=189\" class=\"more-link\">Continuer la lecture de <span class=\"screen-reader-text\">Nos dossiers<\/span>  <span class=\"meta-nav\">&rarr;<\/span><\/a><\/p>\n","protected":false},"author":4,"featured_media":0,"parent":0,"menu_order":0,"comment_status":"closed","ping_status":"closed","template":"","meta":[],"_links":{"self":[{"href":"http:\/\/www.accomplir.asso.fr\/accomplir\/index.php?rest_route=\/wp\/v2\/pages\/189"}],"collection":[{"href":"http:\/\/www.accomplir.asso.fr\/accomplir\/index.php?rest_route=\/wp\/v2\/pages"}],"about":[{"href":"http:\/\/www.accomplir.asso.fr\/accomplir\/index.php?rest_route=\/wp\/v2\/types\/page"}],"author":[{"embeddable":true,"href":"http:\/\/www.accomplir.asso.fr\/accomplir\/index.php?rest_route=\/wp\/v2\/users\/4"}],"replies":[{"embeddable":true,"href":"http:\/\/www.accomplir.asso.fr\/accomplir\/index.php?rest_route=%2Fwp%2Fv2%2Fcomments&post=189"}],"version-history":[{"count":33,"href":"http:\/\/www.accomplir.asso.fr\/accomplir\/index.php?rest_route=\/wp\/v2\/pages\/189\/revisions"}],"predecessor-version":[{"id":1405,"href":"http:\/\/www.accomplir.asso.fr\/accomplir\/index.php?rest_route=\/wp\/v2\/pages\/189\/revisions\/1405"}],"wp:attachment":[{"href":"http:\/\/www.accomplir.asso.fr\/accomplir\/index.php?rest_route=%2Fwp%2Fv2%2Fmedia&parent=189"}],"curies":[{"name":"wp","href":"https:\/\/api.w.org\/{rel}","templated":true}]}}