{"id":17,"date":"2014-04-07T18:02:22","date_gmt":"2014-04-07T16:02:22","guid":{"rendered":"http:\/\/www.accomplir.asso.fr\/accomplir\/?page_id=17"},"modified":"2019-05-08T17:59:11","modified_gmt":"2019-05-08T15:59:11","slug":"objectifs-2","status":"publish","type":"page","link":"http:\/\/www.accomplir.asso.fr\/accomplir\/?page_id=17","title":{"rendered":"Objectifs 2019"},"content":{"rendered":"<ul>\n<li><strong><span style=\"font-family: Calibri; font-size: 11.0pt;\">Informer<\/span><\/strong>\n<ul style=\"margin-left: .375in; direction: ltr; unicode-bidi: embed; margin-top: 0in; margin-bottom: 0in;\" type=\"disc\">\n<li style=\"list-style-type: none;\">\n<ul style=\"margin-left: .375in; direction: ltr; unicode-bidi: embed; margin-top: 0in; margin-bottom: 0in;\" type=\"circle\">\n<li style=\"margin-top: 0; margin-bottom: 0; vertical-align: middle; color: black;\"><span style=\"font-family: Calibri; font-size: 11.0pt;\">Mettre \u00e0 jour r\u00e9guli\u00e8rement le site<\/span><\/li>\n<li style=\"margin-top: 0; margin-bottom: 0; vertical-align: middle; color: black;\"><span style=\"font-family: Calibri; font-size: 11.0pt; color: #2b2b2b;\">Maintenir et d\u00e9velopper la pr\u00e9sence d\u2019Accomplir sur le web et les r\u00e9seaux sociaux<\/span><\/li>\n<li style=\"margin-top: 0; margin-bottom: 0; vertical-align: middle; color: black;\"><span style=\"font-family: Calibri; font-size: 11.0pt; color: #2b2b2b;\">Publier r\u00e9guli\u00e8rement une lettre d\u2019information locale, la Lettre d\u2019Accomplir et assurer sa distribution et sa parution sur le web<\/span><\/li>\n<li style=\"margin-top: 0; margin-bottom: 0; vertical-align: middle; color: black;\"><span style=\"font-family: Calibri; font-size: 11.0pt; color: #2b2b2b;\">Relayer les informations du quartier dans le groupe de discussion<\/span><\/li>\n<li style=\"margin-top: 0; margin-bottom: 0; vertical-align: middle; color: black;\"><span style=\"font-family: Calibri; font-size: 11.0pt; color: #2b2b2b;\">Mettre sur le site des \"cahiers pratiques\" d'actions types (cf. nuisance sonore, etc)<\/span><\/li>\n<\/ul>\n<\/li>\n<li style=\"margin-top: 0; margin-bottom: 0; vertical-align: middle; color: black;\"><strong><span style=\"font-family: Calibri; font-size: 11.0pt; color: #2b2b2b;\">S'informer et participer aux concertations<\/span><\/strong>\n<ul style=\"margin-left: .375in; direction: ltr; unicode-bidi: embed; margin-top: 0in; margin-bottom: 0in;\" type=\"circle\">\n<li style=\"margin-top: 0; margin-bottom: 0; vertical-align: middle; color: #2b2b2b;\"><span style=\"font-family: Calibri; font-size: 11.0pt;\">Participer au suivi du chantier des Halles<\/span><\/li>\n<li style=\"margin-top: 0; margin-bottom: 0; vertical-align: middle; color: #2b2b2b;\"><span style=\"font-family: Calibri; font-size: 11.0pt;\">Suivre les sujets du moment : Samaritaine, Poste du Louvre, voies sur berge, propret\u00e9, nuisances sonores, zone pi\u00e9tonne<\/span><\/li>\n<li style=\"margin-top: 0; margin-bottom: 0; vertical-align: middle; color: #2b2b2b;\"><span style=\"font-family: Calibri; font-size: 11.0pt;\">Recueillir des avis d'usagers de la Canop\u00e9e et de ses services publics (biblioth\u00e8que, etc)<\/span><\/li>\n<li style=\"margin-top: 0; margin-bottom: 0; vertical-align: middle; color: #2b2b2b;\"><span style=\"font-family: Calibri; font-size: 11.0pt;\">Poursuivre le travail de r\u00e9seau avec d\u2019autres associations parisiennes et nationales (R\u00e9seau \"Vivre Paris!\", R\u00e9seau \"Vivre la Ville!\", Paris Nature Environnement\u2026)<\/span><\/li>\n<\/ul>\n<\/li>\n<li style=\"margin-top: 0; margin-bottom: 0; vertical-align: middle; color: black;\"><strong><span style=\"font-family: Calibri; font-size: 11.0pt; color: #2b2b2b;\">Action<\/span><\/strong>\n<ul style=\"margin-left: .375in; direction: ltr; unicode-bidi: embed; margin-top: 0in; margin-bottom: 0in;\" type=\"disc\">\n<li style=\"margin-top: 0; margin-bottom: 0; vertical-align: middle; color: #2b2b2b;\"><span style=\"font-family: Calibri; font-size: 11.0pt;\">Obtenir un acc\u00e8s r\u00e9gulier \u00e0 l\u2019auditorium du Forum des Images pour le Conservatoire du Centre<\/span><\/li>\n<\/ul>\n<ul style=\"margin-left: .375in; direction: ltr; unicode-bidi: embed; margin-top: 0in; margin-bottom: 0in;\" type=\"circle\">\n<li style=\"margin-top: 0; margin-bottom: 0; vertical-align: middle; color: #2b2b2b;\"><span style=\"font-family: Calibri; font-size: 11.0pt;\">Organiser deux vide-greniers dans le quartier<\/span><\/li>\n<li style=\"margin-top: 0; margin-bottom: 0; vertical-align: middle; color: #2b2b2b;\"><span style=\"font-family: Calibri; font-size: 11.0pt;\">Soutenir l'Association Mains Libres dans l'organisation du vide-greniers dans le 2\u00e8me Arrondissement et des autres op\u00e9rations organis\u00e9es par Mains Libres<\/span><\/li>\n<li style=\"margin-top: 0; margin-bottom: 0; vertical-align: middle; color: #2b2b2b;\"><span style=\"font-family: Calibri; font-size: 11.0pt;\">Soutenir concr\u00e8tement les initiatives citoyennes ou conviviales prises par d\u2019autres habitants ou associations du quartier et correspondant \u00e0 nos valeurs<\/span><\/li>\n<li style=\"margin-top: 0; margin-bottom: 0; vertical-align: middle; color: #2b2b2b;\"><span style=\"font-family: Calibri; font-size: 11.0pt; color: black;\">Faire des propositions pour le <\/span><span style=\"font-family: Calibri; font-size: 11.0pt; color: #2b2b2b;\">budget participatif de la Mairie<\/span><\/li>\n<\/ul>\n<\/li>\n<\/ul>\n<ul style=\"margin-left: .375in; direction: ltr; unicode-bidi: embed; margin-top: 0in; margin-bottom: 0in;\" type=\"disc\">\n<li style=\"margin-top: 0; margin-bottom: 0; vertical-align: middle; color: #2b2b2b;\"><strong><span style=\"font-family: Calibri; font-size: 11.0pt;\">Convivialit\u00e9<\/span><\/strong>\n<ul style=\"margin-left: .375in; direction: ltr; unicode-bidi: embed; margin-top: 0in; margin-bottom: 0in;\" type=\"circle\">\n<li style=\"margin-top: 0; margin-bottom: 0; vertical-align: middle; color: #2b2b2b;\"><span style=\"font-family: Calibri; font-size: 11.0pt;\">R\u00e9fl\u00e9chir \u00e0 l\u2019organisation d\u2019un \u00e9v\u00e9nement festif (pique-nique, repas de quartier\u2026)<\/span><\/li>\n<\/ul>\n<\/li>\n<\/ul>\n<\/li>\n<\/ul>\n","protected":false},"excerpt":{"rendered":"<p>Informer Mettre \u00e0 jour r\u00e9guli\u00e8rement le site Maintenir et d\u00e9velopper la pr\u00e9sence d\u2019Accomplir sur le web et les r\u00e9seaux sociaux Publier r\u00e9guli\u00e8rement une lettre d\u2019information locale, la Lettre d\u2019Accomplir et assurer sa distribution et sa parution sur le web Relayer les informations du quartier dans le groupe de discussion Mettre sur le site des \"cahiers &hellip; <a href=\"http:\/\/www.accomplir.asso.fr\/accomplir\/?page_id=17\" class=\"more-link\">Continuer la lecture de <span class=\"screen-reader-text\">Objectifs 2019<\/span>  <span class=\"meta-nav\">&rarr;<\/span><\/a><\/p>\n","protected":false},"author":4,"featured_media":0,"parent":2,"menu_order":1,"comment_status":"closed","ping_status":"closed","template":"","meta":[],"_links":{"self":[{"href":"http:\/\/www.accomplir.asso.fr\/accomplir\/index.php?rest_route=\/wp\/v2\/pages\/17"}],"collection":[{"href":"http:\/\/www.accomplir.asso.fr\/accomplir\/index.php?rest_route=\/wp\/v2\/pages"}],"about":[{"href":"http:\/\/www.accomplir.asso.fr\/accomplir\/index.php?rest_route=\/wp\/v2\/types\/page"}],"author":[{"embeddable":true,"href":"http:\/\/www.accomplir.asso.fr\/accomplir\/index.php?rest_route=\/wp\/v2\/users\/4"}],"replies":[{"embeddable":true,"href":"http:\/\/www.accomplir.asso.fr\/accomplir\/index.php?rest_route=%2Fwp%2Fv2%2Fcomments&post=17"}],"version-history":[{"count":14,"href":"http:\/\/www.accomplir.asso.fr\/accomplir\/index.php?rest_route=\/wp\/v2\/pages\/17\/revisions"}],"predecessor-version":[{"id":5059,"href":"http:\/\/www.accomplir.asso.fr\/accomplir\/index.php?rest_route=\/wp\/v2\/pages\/17\/revisions\/5059"}],"up":[{"embeddable":true,"href":"http:\/\/www.accomplir.asso.fr\/accomplir\/index.php?rest_route=\/wp\/v2\/pages\/2"}],"wp:attachment":[{"href":"http:\/\/www.accomplir.asso.fr\/accomplir\/index.php?rest_route=%2Fwp%2Fv2%2Fmedia&parent=17"}],"curies":[{"name":"wp","href":"https:\/\/api.w.org\/{rel}","templated":true}]}}