{"id":1382,"date":"2014-06-19T09:00:07","date_gmt":"2014-06-19T07:00:07","guid":{"rendered":"http:\/\/www.accomplir.asso.fr\/accomplir\/?page_id=1382"},"modified":"2019-05-08T17:57:30","modified_gmt":"2019-05-08T15:57:30","slug":"conseil-dadministration","status":"publish","type":"page","link":"http:\/\/www.accomplir.asso.fr\/accomplir\/?page_id=1382","title":{"rendered":"Conseil d'Administration"},"content":{"rendered":"<p>22 f\u00e9vrier 2018<\/p>\n<ul>\n<li><img loading=\"lazy\" class=\"wp-image-4226 alignnone\" src=\"http:\/\/www.accomplir.asso.fr\/accomplir\/wp-content\/uploads\/2014\/06\/Capture-d\u2019\u00e9cran-2017-01-28-\u00e0-12.57.28.png\" alt=\"\" width=\"57\" height=\"75\" \/>Fr\u00e9d\u00e9ric ORTUN\u00a0: pr\u00e9sident, responsable des syst\u00e8mes d'information<\/li>\n<li><img loading=\"lazy\" class=\"wp-image-4227 alignnone\" src=\"http:\/\/www.accomplir.asso.fr\/accomplir\/wp-content\/uploads\/2014\/06\/Capture-d\u2019\u00e9cran-2017-01-28-\u00e0-12.58.33.png\" alt=\"\" width=\"58\" height=\"75\" \/>Barbara BLOT\u00a0: vice-pr\u00e9sidente<\/li>\n<li><img loading=\"lazy\" class=\"alignnone wp-image-4228\" src=\"http:\/\/www.accomplir.asso.fr\/accomplir\/wp-content\/uploads\/2014\/06\/Capture-d\u2019\u00e9cran-2017-01-28-\u00e0-12.59.37.png\" alt=\"\" width=\"57\" height=\"76\" \/>Philippe de BRUYN\u00a0:\u00a0vice-pr\u00e9sident<\/li>\n<li><img loading=\"lazy\" class=\"alignnone wp-image-4229\" src=\"http:\/\/www.accomplir.asso.fr\/accomplir\/wp-content\/uploads\/2014\/06\/Capture-d\u2019\u00e9cran-2017-01-28-\u00e0-13.00.16.png\" alt=\"\" width=\"58\" height=\"77\" \/>Bernard BLOT\u00a0: tr\u00e9sorier<\/li>\n<li><img loading=\"lazy\" class=\"alignnone wp-image-4230\" src=\"http:\/\/www.accomplir.asso.fr\/accomplir\/wp-content\/uploads\/2014\/06\/Capture-d\u2019\u00e9cran-2017-01-28-\u00e0-13.00.50.png\" alt=\"\" width=\"58\" height=\"76\" \/>Catherine SIMONNET\u00a0: secr\u00e9taire<\/li>\n<li><img loading=\"lazy\" class=\"alignnone wp-image-4231\" src=\"http:\/\/www.accomplir.asso.fr\/accomplir\/wp-content\/uploads\/2014\/06\/Capture-d\u2019\u00e9cran-2017-01-28-\u00e0-13.01.26.png\" alt=\"\" width=\"57\" height=\"76\" \/>Dani\u00e8le GRIMAUD\u00a0: secr\u00e9taire adjointe<\/li>\n<li><img loading=\"lazy\" class=\"alignnone wp-image-4232\" src=\"http:\/\/www.accomplir.asso.fr\/accomplir\/wp-content\/uploads\/2014\/06\/Capture-d\u2019\u00e9cran-2017-01-28-\u00e0-13.02.02.png\" alt=\"\" width=\"58\" height=\"75\" \/>Julien PAUCHET\u00a0: responsable des r\u00e9seaux sociaux<\/li>\n<li><img loading=\"lazy\" class=\"alignnone wp-image-4234\" src=\"http:\/\/www.accomplir.asso.fr\/accomplir\/wp-content\/uploads\/2014\/06\/Capture-d\u2019\u00e9cran-2017-01-28-\u00e0-13.03.13.png\" alt=\"\" width=\"58\" height=\"76\" \/>Elisabeth\u00a0BOURGUINAT<\/li>\n<li><img loading=\"lazy\" class=\"alignnone wp-image-4235\" src=\"http:\/\/www.accomplir.asso.fr\/accomplir\/wp-content\/uploads\/2014\/06\/Capture-d\u2019\u00e9cran-2017-01-28-\u00e0-13.03.42.png\" alt=\"\" width=\"58\" height=\"77\" \/>Anne\u00a0IACINO<\/li>\n<li><img loading=\"lazy\" class=\"alignnone wp-image-4703\" src=\"http:\/\/www.accomplir.asso.fr\/accomplir\/wp-content\/uploads\/2018\/02\/Capture-d\u2019\u00e9cran-2018-02-24-\u00e0-10.51.56.png\" alt=\"\" width=\"55\" height=\"61\" srcset=\"http:\/\/www.accomplir.asso.fr\/accomplir\/wp-content\/uploads\/2018\/02\/Capture-d\u2019\u00e9cran-2018-02-24-\u00e0-10.51.56.png 370w, http:\/\/www.accomplir.asso.fr\/accomplir\/wp-content\/uploads\/2018\/02\/Capture-d\u2019\u00e9cran-2018-02-24-\u00e0-10.51.56-271x300.png 271w\" sizes=\"(max-width: 55px) 100vw, 55px\" \/>Val\u00e9rie RATTIER<\/li>\n<\/ul>\n<p>&nbsp;<\/p>\n","protected":false},"excerpt":{"rendered":"<p>22 f\u00e9vrier 2018 Fr\u00e9d\u00e9ric ORTUN\u00a0: pr\u00e9sident, responsable des syst\u00e8mes d'information Barbara BLOT\u00a0: vice-pr\u00e9sidente Philippe de BRUYN\u00a0:\u00a0vice-pr\u00e9sident Bernard BLOT\u00a0: tr\u00e9sorier Catherine SIMONNET\u00a0: secr\u00e9taire Dani\u00e8le GRIMAUD\u00a0: secr\u00e9taire adjointe Julien PAUCHET\u00a0: responsable des r\u00e9seaux sociaux Elisabeth\u00a0BOURGUINAT Anne\u00a0IACINO Val\u00e9rie RATTIER &nbsp;<\/p>\n","protected":false},"author":4,"featured_media":0,"parent":0,"menu_order":0,"comment_status":"closed","ping_status":"closed","template":"","meta":[],"_links":{"self":[{"href":"http:\/\/www.accomplir.asso.fr\/accomplir\/index.php?rest_route=\/wp\/v2\/pages\/1382"}],"collection":[{"href":"http:\/\/www.accomplir.asso.fr\/accomplir\/index.php?rest_route=\/wp\/v2\/pages"}],"about":[{"href":"http:\/\/www.accomplir.asso.fr\/accomplir\/index.php?rest_route=\/wp\/v2\/types\/page"}],"author":[{"embeddable":true,"href":"http:\/\/www.accomplir.asso.fr\/accomplir\/index.php?rest_route=\/wp\/v2\/users\/4"}],"replies":[{"embeddable":true,"href":"http:\/\/www.accomplir.asso.fr\/accomplir\/index.php?rest_route=%2Fwp%2Fv2%2Fcomments&post=1382"}],"version-history":[{"count":39,"href":"http:\/\/www.accomplir.asso.fr\/accomplir\/index.php?rest_route=\/wp\/v2\/pages\/1382\/revisions"}],"predecessor-version":[{"id":5057,"href":"http:\/\/www.accomplir.asso.fr\/accomplir\/index.php?rest_route=\/wp\/v2\/pages\/1382\/revisions\/5057"}],"wp:attachment":[{"href":"http:\/\/www.accomplir.asso.fr\/accomplir\/index.php?rest_route=%2Fwp%2Fv2%2Fmedia&parent=1382"}],"curies":[{"name":"wp","href":"https:\/\/api.w.org\/{rel}","templated":true}]}}